{"id":11035,"date":"2025-08-08T16:52:59","date_gmt":"2025-08-08T14:52:59","guid":{"rendered":"https:\/\/gregoryderville.com\/?page_id=11035"},"modified":"2025-09-11T10:08:37","modified_gmt":"2025-09-11T08:08:37","slug":"mon-lieu-au-fil-du-temps","status":"publish","type":"page","link":"https:\/\/gregoryderville.com\/index.php\/mon-lieu-au-fil-du-temps\/","title":{"rendered":"Mon lieu au fil du temps"},"content":{"rendered":"\n<p>Quelques articles agr\u00e9ment\u00e9s de photos sur les \u00e9volutions de ce lieu, \u00e0 diff\u00e9rentes saisons&#8230;<\/p>\n\n\n\n<figure class=\"wp-block-embed is-type-wp-embed is-provider-contenu-embarqu wp-block-embed-contenu-embarqu\"><div class=\"wp-block-embed__wrapper\">\n<blockquote class=\"wp-embedded-content\" data-secret=\"0tWgPDOKhJ\"><a href=\"https:\/\/gregoryderville.com\/index.php\/2025\/09\/11\/soirs-de-pleine-lune\/\">Soirs de pleine lune<\/a><\/blockquote><iframe loading=\"lazy\" class=\"wp-embedded-content\" sandbox=\"allow-scripts\" security=\"restricted\" style=\"position: absolute; visibility: hidden;\" title=\"\u00ab\u00a0Soirs de pleine lune\u00a0\u00bb &#8212; \" src=\"https:\/\/gregoryderville.com\/index.php\/2025\/09\/11\/soirs-de-pleine-lune\/embed\/#?secret=SCayu7sw7Q#?secret=0tWgPDOKhJ\" data-secret=\"0tWgPDOKhJ\" width=\"600\" height=\"338\" frameborder=\"0\" marginwidth=\"0\" marginheight=\"0\" scrolling=\"no\"><\/iframe>\n<\/div><\/figure>\n\n\n\n<p><\/p>\n\n\n\n<figure class=\"wp-block-embed is-type-wp-embed is-provider-contenu-embarqu wp-block-embed-contenu-embarqu\"><div class=\"wp-block-embed__wrapper\">\n<blockquote class=\"wp-embedded-content\" data-secret=\"UXPc5aGOT7\"><a href=\"https:\/\/gregoryderville.com\/index.php\/2024\/12\/31\/des-arbres-du-givre-et-deux-photographes-matinaux\/\">Des arbres, du givre, et deux photographes matinaux&#8230;.<\/a><\/blockquote><iframe loading=\"lazy\" class=\"wp-embedded-content\" sandbox=\"allow-scripts\" security=\"restricted\" style=\"position: absolute; visibility: hidden;\" title=\"\u00ab\u00a0Des arbres, du givre, et deux photographes matinaux&#8230;.\u00a0\u00bb &#8212; \" src=\"https:\/\/gregoryderville.com\/index.php\/2024\/12\/31\/des-arbres-du-givre-et-deux-photographes-matinaux\/embed\/#?secret=UPG0ljbvgY#?secret=UXPc5aGOT7\" data-secret=\"UXPc5aGOT7\" width=\"600\" height=\"338\" frameborder=\"0\" marginwidth=\"0\" marginheight=\"0\" scrolling=\"no\"><\/iframe>\n<\/div><\/figure>\n\n\n\n<p><\/p>\n\n\n\n<figure class=\"wp-block-embed is-type-wp-embed is-provider-contenu-embarqu wp-block-embed-contenu-embarqu\"><div class=\"wp-block-embed__wrapper\">\n<blockquote class=\"wp-embedded-content\" data-secret=\"NkOTaHmvUq\"><a href=\"https:\/\/gregoryderville.com\/index.php\/2024\/08\/20\/brumes-dehors-brumes-dedans\/\">Brumes dehors, brumes dedans&#8230;<\/a><\/blockquote><iframe loading=\"lazy\" class=\"wp-embedded-content\" sandbox=\"allow-scripts\" security=\"restricted\" style=\"position: absolute; visibility: hidden;\" title=\"\u00ab\u00a0Brumes dehors, brumes dedans&#8230;\u00a0\u00bb &#8212; \" src=\"https:\/\/gregoryderville.com\/index.php\/2024\/08\/20\/brumes-dehors-brumes-dedans\/embed\/#?secret=Fp259fjNhL#?secret=NkOTaHmvUq\" data-secret=\"NkOTaHmvUq\" width=\"600\" height=\"338\" frameborder=\"0\" marginwidth=\"0\" marginheight=\"0\" scrolling=\"no\"><\/iframe>\n<\/div><\/figure>\n","protected":false},"excerpt":{"rendered":"<p>Quelques articles agr\u00e9ment\u00e9s de photos sur les \u00e9volutions de ce lieu, \u00e0 diff\u00e9rentes saisons&#8230;<\/p>\n","protected":false},"author":1,"featured_media":0,"parent":0,"menu_order":0,"comment_status":"closed","ping_status":"closed","template":"","meta":{"footnotes":""},"class_list":["post-11035","page","type-page","status-publish","hentry"],"_links":{"self":[{"href":"https:\/\/gregoryderville.com\/index.php\/wp-json\/wp\/v2\/pages\/11035","targetHints":{"allow":["GET"]}}],"collection":[{"href":"https:\/\/gregoryderville.com\/index.php\/wp-json\/wp\/v2\/pages"}],"about":[{"href":"https:\/\/gregoryderville.com\/index.php\/wp-json\/wp\/v2\/types\/page"}],"author":[{"embeddable":true,"href":"https:\/\/gregoryderville.com\/index.php\/wp-json\/wp\/v2\/users\/1"}],"replies":[{"embeddable":true,"href":"https:\/\/gregoryderville.com\/index.php\/wp-json\/wp\/v2\/comments?post=11035"}],"version-history":[{"count":4,"href":"https:\/\/gregoryderville.com\/index.php\/wp-json\/wp\/v2\/pages\/11035\/revisions"}],"predecessor-version":[{"id":11392,"href":"https:\/\/gregoryderville.com\/index.php\/wp-json\/wp\/v2\/pages\/11035\/revisions\/11392"}],"wp:attachment":[{"href":"https:\/\/gregoryderville.com\/index.php\/wp-json\/wp\/v2\/media?parent=11035"}],"curies":[{"name":"wp","href":"https:\/\/api.w.org\/{rel}","templated":true}]}}