{"id":214,"date":"2025-02-02T17:59:19","date_gmt":"2025-02-02T16:59:19","guid":{"rendered":"https:\/\/gregoryderville.com\/?page_id=214"},"modified":"2025-03-09T11:06:36","modified_gmt":"2025-03-09T10:06:36","slug":"ma-playlist-spotify","status":"publish","type":"page","link":"https:\/\/gregoryderville.com\/index.php\/ma-playlist-spotify\/","title":{"rendered":"Ma Playlist Spotify"},"content":{"rendered":"\n<p><\/p>\n\n\n\n<p>L&rsquo;int\u00e9gralit\u00e9 des morceaux que j&rsquo;ai chroniqu\u00e9s depuis d\u00e9but octobre 2020 sur Facebook figurent dans cette playlist, de m\u00eame que sur ce site dans l&rsquo;onglet \u00ab\u00a0<a href=\"https:\/\/gregoryderville.com\/index.php\/chroniques-musicales\/\" data-type=\"link\" data-id=\"https:\/\/gregoryderville.com\/index.php\/chroniques-musicales\/\">Chroniques musicales<\/a>\u00a0\u00bb .<\/p>\n\n\n\n<p>Pour retrouver cette playlist et naviguer de morceau en morceau sur Spotify, il suffit de <a href=\"https:\/\/open.spotify.com\/playlist\/1eirooR9IpwcHGDsS3c3ci\" data-type=\"link\" data-id=\"https:\/\/open.spotify.com\/playlist\/1eirooR9IpwcHGDsS3c3ci\">cliquer sur ce lien<\/a>!<\/p>\n\n\n\n<p><\/p>\n","protected":false},"excerpt":{"rendered":"<p>L&rsquo;int\u00e9gralit\u00e9 des morceaux que j&rsquo;ai chroniqu\u00e9s depuis d\u00e9but octobre 2020 sur Facebook figurent dans cette playlist, de m\u00eame que sur ce site dans l&rsquo;onglet \u00ab\u00a0Chroniques musicales\u00a0\u00bb . Pour retrouver cette&hellip;<a href=\"https:\/\/gregoryderville.com\/index.php\/ma-playlist-spotify\/\" class=\"more-link\"><span class=\"more-button\">Continue reading<span class=\"screen-reader-text\">Ma Playlist Spotify<\/span><\/span><\/a><\/p>\n","protected":false},"author":1,"featured_media":4700,"parent":0,"menu_order":0,"comment_status":"closed","ping_status":"closed","template":"","meta":{"footnotes":""},"class_list":["post-214","page","type-page","status-publish","has-post-thumbnail","hentry"],"_links":{"self":[{"href":"https:\/\/gregoryderville.com\/index.php\/wp-json\/wp\/v2\/pages\/214","targetHints":{"allow":["GET"]}}],"collection":[{"href":"https:\/\/gregoryderville.com\/index.php\/wp-json\/wp\/v2\/pages"}],"about":[{"href":"https:\/\/gregoryderville.com\/index.php\/wp-json\/wp\/v2\/types\/page"}],"author":[{"embeddable":true,"href":"https:\/\/gregoryderville.com\/index.php\/wp-json\/wp\/v2\/users\/1"}],"replies":[{"embeddable":true,"href":"https:\/\/gregoryderville.com\/index.php\/wp-json\/wp\/v2\/comments?post=214"}],"version-history":[{"count":7,"href":"https:\/\/gregoryderville.com\/index.php\/wp-json\/wp\/v2\/pages\/214\/revisions"}],"predecessor-version":[{"id":6738,"href":"https:\/\/gregoryderville.com\/index.php\/wp-json\/wp\/v2\/pages\/214\/revisions\/6738"}],"wp:featuredmedia":[{"embeddable":true,"href":"https:\/\/gregoryderville.com\/index.php\/wp-json\/wp\/v2\/media\/4700"}],"wp:attachment":[{"href":"https:\/\/gregoryderville.com\/index.php\/wp-json\/wp\/v2\/media?parent=214"}],"curies":[{"name":"wp","href":"https:\/\/api.w.org\/{rel}","templated":true}]}}