{"id":247,"date":"2025-02-02T23:21:39","date_gmt":"2025-02-02T22:21:39","guid":{"rendered":"https:\/\/gregoryderville.com\/?page_id=247"},"modified":"2025-06-15T15:46:16","modified_gmt":"2025-06-15T13:46:16","slug":"peinture-sculpture","status":"publish","type":"page","link":"https:\/\/gregoryderville.com\/index.php\/peinture-sculpture\/","title":{"rendered":"Peinture &amp; sculpture"},"content":{"rendered":"\n<p><\/p>\n\n\n\n<p>De m\u00eame que pour le cin\u00e9ma, je ne suis pas tr\u00e8s f\u00e9ru d&rsquo;histoire des arts, sp\u00e9cialement pour ces deux arts qui pourtant me plaisent beaucoup. Je n&rsquo;ai \u00ab\u00a0pas les codes\u00a0\u00bb pour en dire des choses tr\u00e8s pointues, mais c&rsquo;est peut-\u00eatre justement ce manque qui m&rsquo;am\u00e8ne \u00e0 en parler de fa\u00e7on personnelle, parfois pour \u00e9voquer ce que m&rsquo;inspire un tableau, et plus souvent pour illustrer par une oeuvre un sujet qui me tient \u00e0 coeur.<\/p>\n\n\n\n<p><\/p>\n\n\n\n<figure class=\"wp-block-embed is-type-wp-embed is-provider-contenu-embarqu wp-block-embed-contenu-embarqu\"><div class=\"wp-block-embed__wrapper\">\n<blockquote class=\"wp-embedded-content\" data-secret=\"L5dENLg8aV\"><a href=\"https:\/\/gregoryderville.com\/index.php\/2025\/06\/15\/10627\/\">Bruno Chaplot &#8211; \u00ab\u00a0Face \u00e0 la mont\u00e9e des eaux\u00a0\u00bb (exposition d&rsquo;aquarelles)<\/a><\/blockquote><iframe loading=\"lazy\" class=\"wp-embedded-content\" sandbox=\"allow-scripts\" security=\"restricted\" style=\"position: absolute; visibility: hidden;\" title=\"\u00ab\u00a0Bruno Chaplot &#8211; \u00ab\u00a0Face \u00e0 la mont\u00e9e des eaux\u00a0\u00bb (exposition d&rsquo;aquarelles)\u00a0\u00bb &#8212; \" src=\"https:\/\/gregoryderville.com\/index.php\/2025\/06\/15\/10627\/embed\/#?secret=GSAVXywK2j#?secret=L5dENLg8aV\" data-secret=\"L5dENLg8aV\" width=\"600\" height=\"338\" frameborder=\"0\" marginwidth=\"0\" marginheight=\"0\" scrolling=\"no\"><\/iframe>\n<\/div><\/figure>\n\n\n\n<figure class=\"wp-block-embed is-type-wp-embed is-provider-contenu-embarqu wp-block-embed-contenu-embarqu\"><div class=\"wp-block-embed__wrapper\">\n<blockquote class=\"wp-embedded-content\" data-secret=\"kdOJiutSNP\"><a href=\"https:\/\/gregoryderville.com\/index.php\/2024\/01\/07\/johannes-vermeer-la-lecon-de-musique-interrompue\/\">Johannes Vermeer, \u00ab\u00a0La le\u00e7on de musique interrompue\u00a0\u00bb<\/a><\/blockquote><iframe loading=\"lazy\" class=\"wp-embedded-content\" sandbox=\"allow-scripts\" security=\"restricted\" style=\"position: absolute; visibility: hidden;\" title=\"\u00ab\u00a0Johannes Vermeer, \u00ab\u00a0La le\u00e7on de musique interrompue\u00a0\u00bb\u00a0\u00bb &#8212; Permaculture en Limousin\" src=\"https:\/\/gregoryderville.com\/index.php\/2024\/01\/07\/johannes-vermeer-la-lecon-de-musique-interrompue\/embed\/#?secret=K1mjl3pKZh#?secret=kdOJiutSNP\" data-secret=\"kdOJiutSNP\" width=\"600\" height=\"338\" frameborder=\"0\" marginwidth=\"0\" marginheight=\"0\" scrolling=\"no\"><\/iframe>\n<\/div><\/figure>\n\n\n\n<p><\/p>\n\n\n\n<figure class=\"wp-block-embed is-type-wp-embed is-provider-contenu-embarqu wp-block-embed-contenu-embarqu\"><div class=\"wp-block-embed__wrapper\">\n<blockquote class=\"wp-embedded-content\" data-secret=\"3Zcy2EtDXo\"><a href=\"https:\/\/gregoryderville.com\/index.php\/2024\/02\/05\/james-sant-courage-anxiete-et-desespoir-regardant-la-bataille\/\">James Sant &#8211; \u00ab\u00a0Courage, Anxi\u00e9t\u00e9 et D\u00e9sespoir regardant la bataille\u00a0\u00bb<\/a><\/blockquote><iframe loading=\"lazy\" class=\"wp-embedded-content\" sandbox=\"allow-scripts\" security=\"restricted\" style=\"position: absolute; visibility: hidden;\" title=\"\u00ab\u00a0James Sant &#8211; \u00ab\u00a0Courage, Anxi\u00e9t\u00e9 et D\u00e9sespoir regardant la bataille\u00a0\u00bb\u00a0\u00bb &#8212; Permaculture en Limousin\" src=\"https:\/\/gregoryderville.com\/index.php\/2024\/02\/05\/james-sant-courage-anxiete-et-desespoir-regardant-la-bataille\/embed\/#?secret=XaRjbXZCwW#?secret=3Zcy2EtDXo\" data-secret=\"3Zcy2EtDXo\" width=\"600\" height=\"338\" frameborder=\"0\" marginwidth=\"0\" marginheight=\"0\" scrolling=\"no\"><\/iframe>\n<\/div><\/figure>\n\n\n\n<p><\/p>\n\n\n\n<figure class=\"wp-block-embed is-type-wp-embed is-provider-contenu-embarqu wp-block-embed-contenu-embarqu\"><div class=\"wp-block-embed__wrapper\">\n<blockquote class=\"wp-embedded-content\" data-secret=\"RdAS1Gkl4K\"><a href=\"https:\/\/gregoryderville.com\/index.php\/2024\/05\/29\/joaquim-sorolla-y-bastida-fillette-entrant-dans-leau\/\">Joaquim Sorolla y Bastida &#8211; \u00ab\u00a0Fillette entrant dans l&rsquo;eau\u00a0\u00bb<\/a><\/blockquote><iframe loading=\"lazy\" class=\"wp-embedded-content\" sandbox=\"allow-scripts\" security=\"restricted\" style=\"position: absolute; visibility: hidden;\" title=\"\u00ab\u00a0Joaquim Sorolla y Bastida &#8211; \u00ab\u00a0Fillette entrant dans l&rsquo;eau\u00a0\u00bb\u00a0\u00bb &#8212; Permaculture en Limousin\" src=\"https:\/\/gregoryderville.com\/index.php\/2024\/05\/29\/joaquim-sorolla-y-bastida-fillette-entrant-dans-leau\/embed\/#?secret=bcuXDeOORr#?secret=RdAS1Gkl4K\" data-secret=\"RdAS1Gkl4K\" width=\"600\" height=\"338\" frameborder=\"0\" marginwidth=\"0\" marginheight=\"0\" scrolling=\"no\"><\/iframe>\n<\/div><\/figure>\n\n\n\n<p><\/p>\n\n\n\n<figure class=\"wp-block-embed is-type-wp-embed is-provider-contenu-embarqu wp-block-embed-contenu-embarqu\"><div class=\"wp-block-embed__wrapper\">\n<blockquote class=\"wp-embedded-content\" data-secret=\"GK7zTZFVzR\"><a href=\"https:\/\/gregoryderville.com\/index.php\/2023\/12\/17\/raphael-autoportrait-avec-un-ami\/\">Rapha\u00ebl &#8211; \u00ab\u00a0Autoportrait avec un ami\u00a0\u00bb<\/a><\/blockquote><iframe loading=\"lazy\" class=\"wp-embedded-content\" sandbox=\"allow-scripts\" security=\"restricted\" style=\"position: absolute; visibility: hidden;\" title=\"\u00ab\u00a0Rapha\u00ebl &#8211; \u00ab\u00a0Autoportrait avec un ami\u00a0\u00bb\u00a0\u00bb &#8212; Permaculture en Limousin\" src=\"https:\/\/gregoryderville.com\/index.php\/2023\/12\/17\/raphael-autoportrait-avec-un-ami\/embed\/#?secret=I1yyE8e6lm#?secret=GK7zTZFVzR\" data-secret=\"GK7zTZFVzR\" width=\"600\" height=\"338\" frameborder=\"0\" marginwidth=\"0\" marginheight=\"0\" scrolling=\"no\"><\/iframe>\n<\/div><\/figure>\n\n\n\n<p><\/p>\n\n\n\n<figure class=\"wp-block-embed is-type-wp-embed is-provider-contenu-embarqu wp-block-embed-contenu-embarqu\"><div class=\"wp-block-embed__wrapper\">\n<blockquote class=\"wp-embedded-content\" data-secret=\"PzPEowpuOC\"><a href=\"https:\/\/gregoryderville.com\/index.php\/2022\/10\/07\/larrivee-de-la-facture-denergie\/\">\u00ab\u00a0L&rsquo;arriv\u00e9e de la facture d&rsquo;\u00e9nergie\u00a0\u00bb<\/a><\/blockquote><iframe loading=\"lazy\" class=\"wp-embedded-content\" sandbox=\"allow-scripts\" security=\"restricted\" style=\"position: absolute; visibility: hidden;\" title=\"\u00ab\u00a0\u00ab\u00a0L&rsquo;arriv\u00e9e de la facture d&rsquo;\u00e9nergie\u00a0\u00bb\u00a0\u00bb &#8212; Permaculture en Limousin\" src=\"https:\/\/gregoryderville.com\/index.php\/2022\/10\/07\/larrivee-de-la-facture-denergie\/embed\/#?secret=gnXnElqlfL#?secret=PzPEowpuOC\" data-secret=\"PzPEowpuOC\" width=\"600\" height=\"338\" frameborder=\"0\" marginwidth=\"0\" marginheight=\"0\" scrolling=\"no\"><\/iframe>\n<\/div><\/figure>\n\n\n\n<p><\/p>\n\n\n\n<figure class=\"wp-block-embed is-type-wp-embed is-provider-contenu-embarqu wp-block-embed-contenu-embarqu\"><div class=\"wp-block-embed__wrapper\">\n<blockquote class=\"wp-embedded-content\" data-secret=\"Wzd9c9994h\"><a href=\"https:\/\/gregoryderville.com\/index.php\/2021\/02\/14\/3941\/\">Sandro Botticelli &#8211; \u00ab\u00a0La naissance de Venus\u00a0\u00bb<\/a><\/blockquote><iframe loading=\"lazy\" class=\"wp-embedded-content\" sandbox=\"allow-scripts\" security=\"restricted\" style=\"position: absolute; visibility: hidden;\" title=\"\u00ab\u00a0Sandro Botticelli &#8211; \u00ab\u00a0La naissance de Venus\u00a0\u00bb\u00a0\u00bb &#8212; Permaculture en Limousin\" src=\"https:\/\/gregoryderville.com\/index.php\/2021\/02\/14\/3941\/embed\/#?secret=OOuWCdnm3e#?secret=Wzd9c9994h\" data-secret=\"Wzd9c9994h\" width=\"600\" height=\"338\" frameborder=\"0\" marginwidth=\"0\" marginheight=\"0\" scrolling=\"no\"><\/iframe>\n<\/div><\/figure>\n","protected":false},"excerpt":{"rendered":"<p>De m\u00eame que pour le cin\u00e9ma, je ne suis pas tr\u00e8s f\u00e9ru d&rsquo;histoire des arts, sp\u00e9cialement pour ces deux arts qui pourtant me plaisent beaucoup. Je n&rsquo;ai \u00ab\u00a0pas les codes\u00a0\u00bb&hellip;<a href=\"https:\/\/gregoryderville.com\/index.php\/peinture-sculpture\/\" class=\"more-link\"><span class=\"more-button\">Continue reading<span class=\"screen-reader-text\">Peinture &amp; sculpture<\/span><\/span><\/a><\/p>\n","protected":false},"author":1,"featured_media":8635,"parent":0,"menu_order":0,"comment_status":"closed","ping_status":"closed","template":"","meta":{"footnotes":""},"class_list":["post-247","page","type-page","status-publish","has-post-thumbnail","hentry"],"_links":{"self":[{"href":"https:\/\/gregoryderville.com\/index.php\/wp-json\/wp\/v2\/pages\/247","targetHints":{"allow":["GET"]}}],"collection":[{"href":"https:\/\/gregoryderville.com\/index.php\/wp-json\/wp\/v2\/pages"}],"about":[{"href":"https:\/\/gregoryderville.com\/index.php\/wp-json\/wp\/v2\/types\/page"}],"author":[{"embeddable":true,"href":"https:\/\/gregoryderville.com\/index.php\/wp-json\/wp\/v2\/users\/1"}],"replies":[{"embeddable":true,"href":"https:\/\/gregoryderville.com\/index.php\/wp-json\/wp\/v2\/comments?post=247"}],"version-history":[{"count":11,"href":"https:\/\/gregoryderville.com\/index.php\/wp-json\/wp\/v2\/pages\/247\/revisions"}],"predecessor-version":[{"id":10639,"href":"https:\/\/gregoryderville.com\/index.php\/wp-json\/wp\/v2\/pages\/247\/revisions\/10639"}],"wp:featuredmedia":[{"embeddable":true,"href":"https:\/\/gregoryderville.com\/index.php\/wp-json\/wp\/v2\/media\/8635"}],"wp:attachment":[{"href":"https:\/\/gregoryderville.com\/index.php\/wp-json\/wp\/v2\/media?parent=247"}],"curies":[{"name":"wp","href":"https:\/\/api.w.org\/{rel}","templated":true}]}}