{"id":263,"date":"2025-02-02T23:37:07","date_gmt":"2025-02-02T22:37:07","guid":{"rendered":"https:\/\/gregoryderville.com\/?page_id=263"},"modified":"2026-04-03T10:38:45","modified_gmt":"2026-04-03T08:38:45","slug":"cinema","status":"publish","type":"page","link":"https:\/\/gregoryderville.com\/index.php\/cinema\/","title":{"rendered":"Chroniques cin\u00e9ma"},"content":{"rendered":"\n<p><\/p>\n\n\n\n<p class=\"has-black-color has-text-color has-link-color wp-elements-ac71424af6741289e93b2e132cec74ec\">Je ne suis pas un tr\u00e8s grand cin\u00e9phile, et en tous cas pas un fin connaisseur du cin\u00e9ma. Mais de temps en temps, un film (ou une s\u00e9rie) que je viens de voir me donne envie d&rsquo;\u00e9crire une chronique pour raconter ce qu&rsquo;il m&rsquo;a inspir\u00e9. En voici quelques-unes&#8230;<\/p>\n\n\n\n<p><\/p>\n\n\n\n<figure class=\"wp-block-embed is-type-wp-embed is-provider-contenu-embarqu wp-block-embed-contenu-embarqu\"><div class=\"wp-block-embed__wrapper\">\n<blockquote class=\"wp-embedded-content\" data-secret=\"AtKqBpCJQ5\"><a href=\"https:\/\/gregoryderville.com\/index.php\/2026\/04\/03\/xavier-legrand-jusqua-la-garde\/\">Xavier Legrand &#8211; \u00ab\u00a0Jusqu&rsquo;\u00e0 la garde\u00a0\u00bb<\/a><\/blockquote><iframe loading=\"lazy\" class=\"wp-embedded-content\" sandbox=\"allow-scripts\" security=\"restricted\" style=\"position: absolute; visibility: hidden;\" title=\"\u00ab\u00a0Xavier Legrand &#8211; \u00ab\u00a0Jusqu&rsquo;\u00e0 la garde\u00a0\u00bb\u00a0\u00bb &#8212; \" src=\"https:\/\/gregoryderville.com\/index.php\/2026\/04\/03\/xavier-legrand-jusqua-la-garde\/embed\/#?secret=kqIAAUe1xK#?secret=AtKqBpCJQ5\" data-secret=\"AtKqBpCJQ5\" width=\"600\" height=\"338\" frameborder=\"0\" marginwidth=\"0\" marginheight=\"0\" scrolling=\"no\"><\/iframe>\n<\/div><\/figure>\n\n\n\n<figure class=\"wp-block-embed is-type-wp-embed is-provider-contenu-embarqu wp-block-embed-contenu-embarqu\"><div class=\"wp-block-embed__wrapper\">\n<blockquote class=\"wp-embedded-content\" data-secret=\"JphEqm1HPu\"><a href=\"https:\/\/gregoryderville.com\/index.php\/2025\/10\/31\/thomas-cailley-le-regne-animal\/\">Thomas Cailley \u2013 \u00ab\u00a0Le r\u00e8gne animal\u00a0\u00bb<\/a><\/blockquote><iframe loading=\"lazy\" class=\"wp-embedded-content\" sandbox=\"allow-scripts\" security=\"restricted\" style=\"position: absolute; visibility: hidden;\" title=\"\u00ab\u00a0Thomas Cailley \u2013 \u00ab\u00a0Le r\u00e8gne animal\u00a0\u00bb\u00a0\u00bb &#8212; \" src=\"https:\/\/gregoryderville.com\/index.php\/2025\/10\/31\/thomas-cailley-le-regne-animal\/embed\/#?secret=yjcR5KNEKW#?secret=JphEqm1HPu\" data-secret=\"JphEqm1HPu\" width=\"600\" height=\"338\" frameborder=\"0\" marginwidth=\"0\" marginheight=\"0\" scrolling=\"no\"><\/iframe>\n<\/div><\/figure>\n\n\n\n<p><\/p>\n\n\n\n<figure class=\"wp-block-embed is-type-wp-embed is-provider-contenu-embarqu wp-block-embed-contenu-embarqu\"><div class=\"wp-block-embed__wrapper\">\n<blockquote class=\"wp-embedded-content\" data-secret=\"rAlkxyDW7q\"><a href=\"https:\/\/gregoryderville.com\/index.php\/2025\/05\/08\/les-freres-dardenne-deux-jours-une-nuit\/\">Les fr\u00e8res Dardenne &#8211; \u00ab\u00a0Deux jours, une nuit\u00a0\u00bb<\/a><\/blockquote><iframe loading=\"lazy\" class=\"wp-embedded-content\" sandbox=\"allow-scripts\" security=\"restricted\" style=\"position: absolute; visibility: hidden;\" title=\"\u00ab\u00a0Les fr\u00e8res Dardenne &#8211; \u00ab\u00a0Deux jours, une nuit\u00a0\u00bb\u00a0\u00bb &#8212; \" src=\"https:\/\/gregoryderville.com\/index.php\/2025\/05\/08\/les-freres-dardenne-deux-jours-une-nuit\/embed\/#?secret=t4dyMERuHR#?secret=rAlkxyDW7q\" data-secret=\"rAlkxyDW7q\" width=\"600\" height=\"338\" frameborder=\"0\" marginwidth=\"0\" marginheight=\"0\" scrolling=\"no\"><\/iframe>\n<\/div><\/figure>\n\n\n\n<p><\/p>\n\n\n\n<figure class=\"wp-block-embed is-type-wp-embed is-provider-contenu-embarqu wp-block-embed-contenu-embarqu\"><div class=\"wp-block-embed__wrapper\">\n<blockquote class=\"wp-embedded-content\" data-secret=\"DDs6BELJ5M\"><a href=\"https:\/\/gregoryderville.com\/index.php\/2025\/01\/21\/robert-guediguian-et-la-fete-continue\/\">Robert Gu\u00e9diguian &#8211; \u00ab\u00a0Et la f\u00eate continue\u00a0\u00bb<\/a><\/blockquote><iframe loading=\"lazy\" class=\"wp-embedded-content\" sandbox=\"allow-scripts\" security=\"restricted\" style=\"position: absolute; visibility: hidden;\" title=\"\u00ab\u00a0Robert Gu\u00e9diguian &#8211; \u00ab\u00a0Et la f\u00eate continue\u00a0\u00bb\u00a0\u00bb &#8212; \" src=\"https:\/\/gregoryderville.com\/index.php\/2025\/01\/21\/robert-guediguian-et-la-fete-continue\/embed\/#?secret=0yERkVUiBx#?secret=DDs6BELJ5M\" data-secret=\"DDs6BELJ5M\" width=\"600\" height=\"338\" frameborder=\"0\" marginwidth=\"0\" marginheight=\"0\" scrolling=\"no\"><\/iframe>\n<\/div><\/figure>\n\n\n\n<p><\/p>\n\n\n\n<figure class=\"wp-block-embed is-type-wp-embed is-provider-contenu-embarqu wp-block-embed-contenu-embarqu\"><div class=\"wp-block-embed__wrapper\">\n<blockquote class=\"wp-embedded-content\" data-secret=\"sY2xKk6gst\"><a href=\"https:\/\/gregoryderville.com\/index.php\/2024\/02\/09\/charles-laughton-la-nuit-du-chasseur\/\">Charles Laughton &#8211; \u00ab\u00a0La nuit du chasseur\u00a0\u00bb<\/a><\/blockquote><iframe loading=\"lazy\" class=\"wp-embedded-content\" sandbox=\"allow-scripts\" security=\"restricted\" style=\"position: absolute; visibility: hidden;\" title=\"\u00ab\u00a0Charles Laughton &#8211; \u00ab\u00a0La nuit du chasseur\u00a0\u00bb\u00a0\u00bb &#8212; \" src=\"https:\/\/gregoryderville.com\/index.php\/2024\/02\/09\/charles-laughton-la-nuit-du-chasseur\/embed\/#?secret=RVRdUZOGni#?secret=sY2xKk6gst\" data-secret=\"sY2xKk6gst\" width=\"600\" height=\"338\" frameborder=\"0\" marginwidth=\"0\" marginheight=\"0\" scrolling=\"no\"><\/iframe>\n<\/div><\/figure>\n\n\n\n<p><\/p>\n\n\n\n<figure class=\"wp-block-embed is-type-wp-embed is-provider-contenu-embarqu wp-block-embed-contenu-embarqu\"><div class=\"wp-block-embed__wrapper\">\n<blockquote class=\"wp-embedded-content\" data-secret=\"tJ2X6sRial\"><a href=\"https:\/\/gregoryderville.com\/index.php\/2024\/08\/11\/jacques-tati-les-vacances-de-monsieur-hulot\/\">Jacques Tati &#8211; \u00ab\u00a0Les vacances de monsieur Hulot\u00a0\u00bb<\/a><\/blockquote><iframe loading=\"lazy\" class=\"wp-embedded-content\" sandbox=\"allow-scripts\" security=\"restricted\" style=\"position: absolute; visibility: hidden;\" title=\"\u00ab\u00a0Jacques Tati &#8211; \u00ab\u00a0Les vacances de monsieur Hulot\u00a0\u00bb\u00a0\u00bb &#8212; \" src=\"https:\/\/gregoryderville.com\/index.php\/2024\/08\/11\/jacques-tati-les-vacances-de-monsieur-hulot\/embed\/#?secret=k8rLJhLQfo#?secret=tJ2X6sRial\" data-secret=\"tJ2X6sRial\" width=\"600\" height=\"338\" frameborder=\"0\" marginwidth=\"0\" marginheight=\"0\" scrolling=\"no\"><\/iframe>\n<\/div><\/figure>\n\n\n\n<p><\/p>\n\n\n\n<figure class=\"wp-block-embed is-type-wp-embed is-provider-contenu-embarqu wp-block-embed-contenu-embarqu\"><div class=\"wp-block-embed__wrapper\">\n<blockquote class=\"wp-embedded-content\" data-secret=\"LqezLWyDX1\"><a href=\"https:\/\/gregoryderville.com\/index.php\/2024\/01\/23\/sean-baker-the-florida-project\/\">Sean Baker &#8211; \u00ab\u00a0The Florida project\u00a0\u00bb<\/a><\/blockquote><iframe loading=\"lazy\" class=\"wp-embedded-content\" sandbox=\"allow-scripts\" security=\"restricted\" style=\"position: absolute; visibility: hidden;\" title=\"\u00ab\u00a0Sean Baker &#8211; \u00ab\u00a0The Florida project\u00a0\u00bb\u00a0\u00bb &#8212; \" src=\"https:\/\/gregoryderville.com\/index.php\/2024\/01\/23\/sean-baker-the-florida-project\/embed\/#?secret=eDGe6mwtGW#?secret=LqezLWyDX1\" data-secret=\"LqezLWyDX1\" width=\"600\" height=\"338\" frameborder=\"0\" marginwidth=\"0\" marginheight=\"0\" scrolling=\"no\"><\/iframe>\n<\/div><\/figure>\n\n\n\n<p><\/p>\n\n\n\n<figure class=\"wp-block-embed is-type-wp-embed is-provider-contenu-embarqu wp-block-embed-contenu-embarqu\"><div class=\"wp-block-embed__wrapper\">\n<blockquote class=\"wp-embedded-content\" data-secret=\"kGJn5Gx5HO\"><a href=\"https:\/\/gregoryderville.com\/index.php\/2023\/07\/05\/dominik-moll-la-nuit-du-12\/\">Dominik Moll &#8211; \u00ab\u00a0La nuit du 12\u00a0\u00bb<\/a><\/blockquote><iframe loading=\"lazy\" class=\"wp-embedded-content\" sandbox=\"allow-scripts\" security=\"restricted\" style=\"position: absolute; visibility: hidden;\" title=\"\u00ab\u00a0Dominik Moll &#8211; \u00ab\u00a0La nuit du 12\u00a0\u00bb\u00a0\u00bb &#8212; \" src=\"https:\/\/gregoryderville.com\/index.php\/2023\/07\/05\/dominik-moll-la-nuit-du-12\/embed\/#?secret=RjVuBKfHz7#?secret=kGJn5Gx5HO\" data-secret=\"kGJn5Gx5HO\" width=\"600\" height=\"338\" frameborder=\"0\" marginwidth=\"0\" marginheight=\"0\" scrolling=\"no\"><\/iframe>\n<\/div><\/figure>\n\n\n\n<p><\/p>\n\n\n\n<figure class=\"wp-block-embed is-type-wp-embed is-provider-contenu-embarqu wp-block-embed-contenu-embarqu\"><div class=\"wp-block-embed__wrapper\">\n<blockquote class=\"wp-embedded-content\" data-secret=\"4O4MddlYOi\"><a href=\"https:\/\/gregoryderville.com\/index.php\/2023\/05\/16\/spike-jonze-her\/\">Spike Jonze &#8211; \u00ab\u00a0Her\u00a0\u00bb<\/a><\/blockquote><iframe loading=\"lazy\" class=\"wp-embedded-content\" sandbox=\"allow-scripts\" security=\"restricted\" style=\"position: absolute; visibility: hidden;\" title=\"\u00ab\u00a0Spike Jonze &#8211; \u00ab\u00a0Her\u00a0\u00bb\u00a0\u00bb &#8212; \" src=\"https:\/\/gregoryderville.com\/index.php\/2023\/05\/16\/spike-jonze-her\/embed\/#?secret=rkrAqO2cG6#?secret=4O4MddlYOi\" data-secret=\"4O4MddlYOi\" width=\"600\" height=\"338\" frameborder=\"0\" marginwidth=\"0\" marginheight=\"0\" scrolling=\"no\"><\/iframe>\n<\/div><\/figure>\n\n\n\n<p><\/p>\n\n\n\n<figure class=\"wp-block-embed is-type-wp-embed is-provider-contenu-embarqu wp-block-embed-contenu-embarqu\"><div class=\"wp-block-embed__wrapper\">\n<blockquote class=\"wp-embedded-content\" data-secret=\"n5JsYl1vwS\"><a href=\"https:\/\/gregoryderville.com\/index.php\/2021\/01\/10\/terrence-malick-a-la-merveille\/\">Terrence Malick &#8211; \u00ab\u00a0\u00c0 la merveille\u00a0\u00bb<\/a><\/blockquote><iframe loading=\"lazy\" class=\"wp-embedded-content\" sandbox=\"allow-scripts\" security=\"restricted\" style=\"position: absolute; visibility: hidden;\" title=\"\u00ab\u00a0Terrence Malick &#8211; \u00ab\u00a0\u00c0 la merveille\u00a0\u00bb\u00a0\u00bb &#8212; \" src=\"https:\/\/gregoryderville.com\/index.php\/2021\/01\/10\/terrence-malick-a-la-merveille\/embed\/#?secret=snVrC5jIHo#?secret=n5JsYl1vwS\" data-secret=\"n5JsYl1vwS\" width=\"600\" height=\"338\" frameborder=\"0\" marginwidth=\"0\" marginheight=\"0\" scrolling=\"no\"><\/iframe>\n<\/div><\/figure>\n\n\n\n<p><\/p>\n\n\n\n<figure class=\"wp-block-embed is-type-wp-embed is-provider-contenu-embarqu wp-block-embed-contenu-embarqu\"><div class=\"wp-block-embed__wrapper\">\n<blockquote class=\"wp-embedded-content\" data-secret=\"Gf35tt8DiZ\"><a href=\"https:\/\/gregoryderville.com\/index.php\/2020\/12\/24\/frank-capra-la-vie-est-belle\/\">Frank Capra &#8211; \u00ab\u00a0La vie est belle\u00a0\u00bb<\/a><\/blockquote><iframe loading=\"lazy\" class=\"wp-embedded-content\" sandbox=\"allow-scripts\" security=\"restricted\" style=\"position: absolute; visibility: hidden;\" title=\"\u00ab\u00a0Frank Capra &#8211; \u00ab\u00a0La vie est belle\u00a0\u00bb\u00a0\u00bb &#8212; \" src=\"https:\/\/gregoryderville.com\/index.php\/2020\/12\/24\/frank-capra-la-vie-est-belle\/embed\/#?secret=bmgomklqYi#?secret=Gf35tt8DiZ\" data-secret=\"Gf35tt8DiZ\" width=\"600\" height=\"338\" frameborder=\"0\" marginwidth=\"0\" marginheight=\"0\" scrolling=\"no\"><\/iframe>\n<\/div><\/figure>\n\n\n\n<p><\/p>\n\n\n\n<figure class=\"wp-block-embed is-type-wp-embed is-provider-contenu-embarqu wp-block-embed-contenu-embarqu\"><div class=\"wp-block-embed__wrapper\">\n<blockquote class=\"wp-embedded-content\" data-secret=\"VQHIC6fHvj\"><a href=\"https:\/\/gregoryderville.com\/index.php\/2020\/12\/23\/jonathan-dayton-et-valerie-faris-little-miss-sunshine\/\">Jonathan Dayton et Valerie Faris &#8211; \u00ab\u00a0Little miss sunshine\u00a0\u00bb<\/a><\/blockquote><iframe loading=\"lazy\" class=\"wp-embedded-content\" sandbox=\"allow-scripts\" security=\"restricted\" style=\"position: absolute; visibility: hidden;\" title=\"\u00ab\u00a0Jonathan Dayton et Valerie Faris &#8211; \u00ab\u00a0Little miss sunshine\u00a0\u00bb\u00a0\u00bb &#8212; \" src=\"https:\/\/gregoryderville.com\/index.php\/2020\/12\/23\/jonathan-dayton-et-valerie-faris-little-miss-sunshine\/embed\/#?secret=NFDYWPf0Ky#?secret=VQHIC6fHvj\" data-secret=\"VQHIC6fHvj\" width=\"600\" height=\"338\" frameborder=\"0\" marginwidth=\"0\" marginheight=\"0\" scrolling=\"no\"><\/iframe>\n<\/div><\/figure>\n\n\n\n<p><\/p>\n\n\n\n<figure class=\"wp-block-embed is-type-wp-embed is-provider-contenu-embarqu wp-block-embed-contenu-embarqu\"><div class=\"wp-block-embed__wrapper\">\n<blockquote class=\"wp-embedded-content\" data-secret=\"E93Ceu1cVs\"><a href=\"https:\/\/gregoryderville.com\/index.php\/2020\/12\/13\/le-jeu-de-la-dame-crying-scene\/\">\u00ab\u00a0Le jeu de la dame\u00a0\u00bb &#8211; \u00ab\u00a0Crying scene\u00a0\u00bb<\/a><\/blockquote><iframe loading=\"lazy\" class=\"wp-embedded-content\" sandbox=\"allow-scripts\" security=\"restricted\" style=\"position: absolute; visibility: hidden;\" title=\"\u00ab\u00a0\u00ab\u00a0Le jeu de la dame\u00a0\u00bb &#8211; \u00ab\u00a0Crying scene\u00a0\u00bb\u00a0\u00bb &#8212; Permaculture en Limousin\" src=\"https:\/\/gregoryderville.com\/index.php\/2020\/12\/13\/le-jeu-de-la-dame-crying-scene\/embed\/#?secret=5RsAd9XjiI#?secret=E93Ceu1cVs\" data-secret=\"E93Ceu1cVs\" width=\"600\" height=\"338\" frameborder=\"0\" marginwidth=\"0\" marginheight=\"0\" scrolling=\"no\"><\/iframe>\n<\/div><\/figure>\n\n\n\n<p><\/p>\n\n\n\n<figure class=\"wp-block-embed is-type-wp-embed is-provider-contenu-embarqu wp-block-embed-contenu-embarqu\"><div class=\"wp-block-embed__wrapper\">\n<blockquote class=\"wp-embedded-content\" data-secret=\"y6eOPs4IFx\"><a href=\"https:\/\/gregoryderville.com\/index.php\/2020\/11\/14\/wong-kar-wai-in-the-mood-for-love\/\">Wong Kar-wai &#8211; \u00ab\u00a0In the mood for love\u00a0\u00bb<\/a><\/blockquote><iframe loading=\"lazy\" class=\"wp-embedded-content\" sandbox=\"allow-scripts\" security=\"restricted\" style=\"position: absolute; visibility: hidden;\" title=\"\u00ab\u00a0Wong Kar-wai &#8211; \u00ab\u00a0In the mood for love\u00a0\u00bb\u00a0\u00bb &#8212; \" src=\"https:\/\/gregoryderville.com\/index.php\/2020\/11\/14\/wong-kar-wai-in-the-mood-for-love\/embed\/#?secret=qMGPqUarRq#?secret=y6eOPs4IFx\" data-secret=\"y6eOPs4IFx\" width=\"600\" height=\"338\" frameborder=\"0\" marginwidth=\"0\" marginheight=\"0\" scrolling=\"no\"><\/iframe>\n<\/div><\/figure>\n","protected":false},"excerpt":{"rendered":"<p>Je ne suis pas un tr\u00e8s grand cin\u00e9phile, et en tous cas pas un fin connaisseur du cin\u00e9ma. Mais de temps en temps, un film (ou une s\u00e9rie) que je&hellip;<a href=\"https:\/\/gregoryderville.com\/index.php\/cinema\/\" class=\"more-link\"><span class=\"more-button\">Continue reading<span class=\"screen-reader-text\">Chroniques cin\u00e9ma<\/span><\/span><\/a><\/p>\n","protected":false},"author":1,"featured_media":9795,"parent":0,"menu_order":0,"comment_status":"closed","ping_status":"closed","template":"","meta":{"footnotes":""},"class_list":["post-263","page","type-page","status-publish","has-post-thumbnail","hentry"],"_links":{"self":[{"href":"https:\/\/gregoryderville.com\/index.php\/wp-json\/wp\/v2\/pages\/263","targetHints":{"allow":["GET"]}}],"collection":[{"href":"https:\/\/gregoryderville.com\/index.php\/wp-json\/wp\/v2\/pages"}],"about":[{"href":"https:\/\/gregoryderville.com\/index.php\/wp-json\/wp\/v2\/types\/page"}],"author":[{"embeddable":true,"href":"https:\/\/gregoryderville.com\/index.php\/wp-json\/wp\/v2\/users\/1"}],"replies":[{"embeddable":true,"href":"https:\/\/gregoryderville.com\/index.php\/wp-json\/wp\/v2\/comments?post=263"}],"version-history":[{"count":22,"href":"https:\/\/gregoryderville.com\/index.php\/wp-json\/wp\/v2\/pages\/263\/revisions"}],"predecessor-version":[{"id":15337,"href":"https:\/\/gregoryderville.com\/index.php\/wp-json\/wp\/v2\/pages\/263\/revisions\/15337"}],"wp:featuredmedia":[{"embeddable":true,"href":"https:\/\/gregoryderville.com\/index.php\/wp-json\/wp\/v2\/media\/9795"}],"wp:attachment":[{"href":"https:\/\/gregoryderville.com\/index.php\/wp-json\/wp\/v2\/media?parent=263"}],"curies":[{"name":"wp","href":"https:\/\/api.w.org\/{rel}","templated":true}]}}