{"id":34,"date":"2022-02-21T16:45:43","date_gmt":"2022-02-21T15:45:43","guid":{"rendered":"http:\/\/gregoryderville.com\/?page_id=34"},"modified":"2025-04-18T22:58:20","modified_gmt":"2025-04-18T20:58:20","slug":"mes-conferences-et-formations","status":"publish","type":"page","link":"https:\/\/gregoryderville.com\/index.php\/mes-publications\/mes-conferences-et-formations\/","title":{"rendered":"Conf\u00e9rences &amp; formations"},"content":{"rendered":"\n<p><\/p>\n\n\n\n<div class=\"wp-block-group\"><div class=\"wp-block-group__inner-container is-layout-flow wp-block-group-is-layout-flow\">\n<p>Depuis 2019, je donne r\u00e9guli\u00e8rement des conf\u00e9rences et des formations sur la <a href=\"https:\/\/www.facebook.com\/hashtag\/permaculture?__eep__=6&amp;__cft__[0]=AZWtKKfHK8mZUbylFr99Jd6se7_vDLKgpn3z2OoY4mqq8NeOoUirCBDK6Ks8ES5R_HGIZeM5AHyo6FsNiZTIaJV5zEsdWkd4waFxPMAs4RmhAr_WiE8YjATtlidxkSXvgJBTTsGiVlkfrUyAqw1QraOe-wnY6hJ2IgS64_eDa_bBWw&amp;__tn__=*NK-R\">permaculture<\/a> et la transition \u00e9cologique des territoires, un peu partout en France, \u00e0 l&rsquo;invitation d&rsquo;associations, de collectivit\u00e9s ou d&rsquo;entreprises. Je mets ci-dessous quelques comptes-rendus de ces conf\u00e9rences et de ces formations.<\/p>\n\n\n\n<p>Ces d\u00e9placements m&rsquo;ont valu de belles rencontres, dont certaines se sont transform\u00e9es en amiti\u00e9s tr\u00e8s riches. C&rsquo;est une une raison de plus pour moi de r\u00e9pondre avec plaisir aux invitations.<\/p>\n\n\n\n<p>En tous cas si vous souhaitez me faire venir jusqu&rsquo;\u00e0 vous, n&rsquo;h\u00e9sitez pas \u00e0 me contacter!<\/p>\n\n\n\n<div class=\"wp-block-group\"><div class=\"wp-block-group__inner-container is-layout-flow wp-block-group-is-layout-flow\">\n<p><\/p>\n<\/div><\/div>\n<\/div><\/div>\n\n\n\n<figure class=\"wp-block-embed is-type-wp-embed is-provider-permaculture-en-limousin wp-block-embed-permaculture-en-limousin\"><div class=\"wp-block-embed__wrapper\">\n<blockquote class=\"wp-embedded-content\" data-secret=\"u6Xdj4Y4wB\"><a href=\"https:\/\/gregoryderville.com\/index.php\/2024\/02\/21\/mes-conferences-et-formations\/\">Mes conf\u00e9rences et formations: o\u00f9 suis-je pass\u00e9?<\/a><\/blockquote><iframe loading=\"lazy\" class=\"wp-embedded-content\" sandbox=\"allow-scripts\" security=\"restricted\" style=\"position: absolute; visibility: hidden;\" title=\"\u00ab\u00a0Mes conf\u00e9rences et formations: o\u00f9 suis-je pass\u00e9?\u00a0\u00bb &#8212; Permaculture en Limousin\" src=\"https:\/\/gregoryderville.com\/index.php\/2024\/02\/21\/mes-conferences-et-formations\/embed\/#?secret=WWb8GKaY5r#?secret=u6Xdj4Y4wB\" data-secret=\"u6Xdj4Y4wB\" width=\"600\" height=\"338\" frameborder=\"0\" marginwidth=\"0\" marginheight=\"0\" scrolling=\"no\"><\/iframe>\n<\/div><\/figure>\n\n\n\n<p><\/p>\n\n\n\n<figure class=\"wp-block-embed is-type-wp-embed is-provider-permaculture-en-limousin wp-block-embed-permaculture-en-limousin\"><div class=\"wp-block-embed__wrapper\">\n<blockquote class=\"wp-embedded-content\" data-secret=\"T1dKBvzuDP\"><a href=\"https:\/\/gregoryderville.com\/index.php\/2022\/10\/03\/conference-a-besancon-avec-dominique-bourg-et-paloma-moritz\/\">Conf\u00e9rence \u00e0 Besan\u00e7on avec Dominique Bourg et Paloma Moritz<\/a><\/blockquote><iframe loading=\"lazy\" class=\"wp-embedded-content\" sandbox=\"allow-scripts\" security=\"restricted\" style=\"position: absolute; visibility: hidden;\" title=\"\u00ab\u00a0Conf\u00e9rence \u00e0 Besan\u00e7on avec Dominique Bourg et Paloma Moritz\u00a0\u00bb &#8212; Permaculture en Limousin\" src=\"https:\/\/gregoryderville.com\/index.php\/2022\/10\/03\/conference-a-besancon-avec-dominique-bourg-et-paloma-moritz\/embed\/#?secret=CBD7w1vxtZ#?secret=T1dKBvzuDP\" data-secret=\"T1dKBvzuDP\" width=\"600\" height=\"338\" frameborder=\"0\" marginwidth=\"0\" marginheight=\"0\" scrolling=\"no\"><\/iframe>\n<\/div><\/figure>\n\n\n\n<p><\/p>\n\n\n\n<figure class=\"wp-block-embed is-type-wp-embed is-provider-permaculture-en-limousin wp-block-embed-permaculture-en-limousin\"><div class=\"wp-block-embed__wrapper\">\n<blockquote class=\"wp-embedded-content\" data-secret=\"9upscJfjve\"><a href=\"https:\/\/gregoryderville.com\/index.php\/2022\/05\/08\/week-end-de-formation-au-jardinage-permaculturel-en-bretagne\/\">Week-end de formation au jardinage permaculturel en Bretagne<\/a><\/blockquote><iframe loading=\"lazy\" class=\"wp-embedded-content\" sandbox=\"allow-scripts\" security=\"restricted\" style=\"position: absolute; visibility: hidden;\" title=\"\u00ab\u00a0Week-end de formation au jardinage permaculturel en Bretagne\u00a0\u00bb &#8212; Permaculture en Limousin\" src=\"https:\/\/gregoryderville.com\/index.php\/2022\/05\/08\/week-end-de-formation-au-jardinage-permaculturel-en-bretagne\/embed\/#?secret=L8GcHEf9lz#?secret=9upscJfjve\" data-secret=\"9upscJfjve\" width=\"600\" height=\"338\" frameborder=\"0\" marginwidth=\"0\" marginheight=\"0\" scrolling=\"no\"><\/iframe>\n<\/div><\/figure>\n\n\n\n<p><\/p>\n\n\n\n<figure class=\"wp-block-embed is-type-wp-embed is-provider-permaculture-en-limousin wp-block-embed-permaculture-en-limousin\"><div class=\"wp-block-embed__wrapper\">\n<blockquote class=\"wp-embedded-content\" data-secret=\"x0my4uuilv\"><a href=\"https:\/\/gregoryderville.com\/index.php\/2022\/03\/03\/conference-sur-la-propagande-et-le-complotisme-armentieres\/\">Conf\u00e9rence sur la propagande et le complotisme (Armenti\u00e8res)<\/a><\/blockquote><iframe loading=\"lazy\" class=\"wp-embedded-content\" sandbox=\"allow-scripts\" security=\"restricted\" style=\"position: absolute; visibility: hidden;\" title=\"\u00ab\u00a0Conf\u00e9rence sur la propagande et le complotisme (Armenti\u00e8res)\u00a0\u00bb &#8212; Permaculture en Limousin\" src=\"https:\/\/gregoryderville.com\/index.php\/2022\/03\/03\/conference-sur-la-propagande-et-le-complotisme-armentieres\/embed\/#?secret=c4k6JySkjI#?secret=x0my4uuilv\" data-secret=\"x0my4uuilv\" width=\"600\" height=\"338\" frameborder=\"0\" marginwidth=\"0\" marginheight=\"0\" scrolling=\"no\"><\/iframe>\n<\/div><\/figure>\n\n\n\n<p><\/p>\n\n\n\n<figure class=\"wp-block-embed is-type-wp-embed is-provider-permaculture-en-limousin wp-block-embed-permaculture-en-limousin\"><div class=\"wp-block-embed__wrapper\">\n<blockquote class=\"wp-embedded-content\" data-secret=\"fVWp2N2qes\"><a href=\"https:\/\/gregoryderville.com\/index.php\/2022\/11\/30\/conference-sur-lalimentation-durable-pour-les-salaries-des-laboratoires-servier\/\">Conf\u00e9rence sur l&rsquo;alimentation durable pour les salari\u00e9\u00b7es des laboratoires Servier<\/a><\/blockquote><iframe loading=\"lazy\" class=\"wp-embedded-content\" sandbox=\"allow-scripts\" security=\"restricted\" style=\"position: absolute; visibility: hidden;\" title=\"\u00ab\u00a0Conf\u00e9rence sur l&rsquo;alimentation durable pour les salari\u00e9\u00b7es des laboratoires Servier\u00a0\u00bb &#8212; Permaculture en Limousin\" src=\"https:\/\/gregoryderville.com\/index.php\/2022\/11\/30\/conference-sur-lalimentation-durable-pour-les-salaries-des-laboratoires-servier\/embed\/#?secret=FcMTSJVrmZ#?secret=fVWp2N2qes\" data-secret=\"fVWp2N2qes\" width=\"600\" height=\"338\" frameborder=\"0\" marginwidth=\"0\" marginheight=\"0\" scrolling=\"no\"><\/iframe>\n<\/div><\/figure>\n\n\n\n<p><\/p>\n\n\n\n<figure class=\"wp-block-embed is-type-wp-embed is-provider-permaculture-en-limousin wp-block-embed-permaculture-en-limousin\"><div class=\"wp-block-embed__wrapper\">\n<blockquote class=\"wp-embedded-content\" data-secret=\"TMsOmbPIr6\"><a href=\"https:\/\/gregoryderville.com\/index.php\/2021\/11\/23\/4997\/\"><\/a><\/blockquote><iframe loading=\"lazy\" class=\"wp-embedded-content\" sandbox=\"allow-scripts\" security=\"restricted\" style=\"position: absolute; visibility: hidden;\" title=\"\u00ab\u00a0\u00a0\u00bb &#8212; Permaculture en Limousin\" src=\"https:\/\/gregoryderville.com\/index.php\/2021\/11\/23\/4997\/embed\/#?secret=9Fuk2w4bAO#?secret=TMsOmbPIr6\" data-secret=\"TMsOmbPIr6\" width=\"600\" height=\"338\" frameborder=\"0\" marginwidth=\"0\" marginheight=\"0\" scrolling=\"no\"><\/iframe>\n<\/div><\/figure>\n\n\n\n<p><\/p>\n\n\n\n<figure class=\"wp-block-embed is-type-wp-embed is-provider-permaculture-en-limousin wp-block-embed-permaculture-en-limousin\"><div class=\"wp-block-embed__wrapper\">\n<blockquote class=\"wp-embedded-content\" data-secret=\"xu6xe3Z2Pb\"><a href=\"https:\/\/gregoryderville.com\/index.php\/2021\/11\/10\/journee-de-formation-sur-la-transition-ecologique-dans-le-reseau-essteam\/\">Journ\u00e9e de formation sur la transition \u00e9cologique dans le r\u00e9seau ESSTEAM<\/a><\/blockquote><iframe loading=\"lazy\" class=\"wp-embedded-content\" sandbox=\"allow-scripts\" security=\"restricted\" style=\"position: absolute; visibility: hidden;\" title=\"\u00ab\u00a0Journ\u00e9e de formation sur la transition \u00e9cologique dans le r\u00e9seau ESSTEAM\u00a0\u00bb &#8212; Permaculture en Limousin\" src=\"https:\/\/gregoryderville.com\/index.php\/2021\/11\/10\/journee-de-formation-sur-la-transition-ecologique-dans-le-reseau-essteam\/embed\/#?secret=hbSvBZcE7t#?secret=xu6xe3Z2Pb\" data-secret=\"xu6xe3Z2Pb\" width=\"600\" height=\"338\" frameborder=\"0\" marginwidth=\"0\" marginheight=\"0\" scrolling=\"no\"><\/iframe>\n<\/div><\/figure>\n\n\n\n<p><\/p>\n\n\n\n<figure class=\"wp-block-embed is-type-wp-embed is-provider-permaculture-en-limousin wp-block-embed-permaculture-en-limousin\"><div class=\"wp-block-embed__wrapper\">\n<blockquote class=\"wp-embedded-content\" data-secret=\"zbMZpl1yS4\"><a href=\"https:\/\/gregoryderville.com\/index.php\/2021\/07\/13\/week-end-de-formation-sur-la-transition-ecologique-a-pierrefonds\/\">Week-end de formation sur la transition \u00e9cologique \u00e0 Pierrefonds<\/a><\/blockquote><iframe loading=\"lazy\" class=\"wp-embedded-content\" sandbox=\"allow-scripts\" security=\"restricted\" style=\"position: absolute; visibility: hidden;\" title=\"\u00ab\u00a0Week-end de formation sur la transition \u00e9cologique \u00e0 Pierrefonds\u00a0\u00bb &#8212; Permaculture en Limousin\" src=\"https:\/\/gregoryderville.com\/index.php\/2021\/07\/13\/week-end-de-formation-sur-la-transition-ecologique-a-pierrefonds\/embed\/#?secret=WLEX4BHbHM#?secret=zbMZpl1yS4\" data-secret=\"zbMZpl1yS4\" width=\"600\" height=\"338\" frameborder=\"0\" marginwidth=\"0\" marginheight=\"0\" scrolling=\"no\"><\/iframe>\n<\/div><\/figure>\n\n\n\n<p><\/p>\n\n\n\n<figure class=\"wp-block-embed is-type-wp-embed is-provider-permaculture-en-limousin wp-block-embed-permaculture-en-limousin\"><div class=\"wp-block-embed__wrapper\">\n<blockquote class=\"wp-embedded-content\" data-secret=\"g2ko4MbsJh\"><a href=\"https:\/\/gregoryderville.com\/index.php\/2021\/10\/11\/5013\/\">Conf\u00e9rence \u00e0\u00a0Concarneau Cornouaille Agglom\u00e9ration\u00a0sur la transition \u00e9cologique des territoires<\/a><\/blockquote><iframe loading=\"lazy\" class=\"wp-embedded-content\" sandbox=\"allow-scripts\" security=\"restricted\" style=\"position: absolute; visibility: hidden;\" title=\"\u00ab\u00a0Conf\u00e9rence \u00e0\u00a0Concarneau Cornouaille Agglom\u00e9ration\u00a0sur la transition \u00e9cologique des territoires\u00a0\u00bb &#8212; Permaculture en Limousin\" src=\"https:\/\/gregoryderville.com\/index.php\/2021\/10\/11\/5013\/embed\/#?secret=NSoYUYua7c#?secret=g2ko4MbsJh\" data-secret=\"g2ko4MbsJh\" width=\"600\" height=\"338\" frameborder=\"0\" marginwidth=\"0\" marginheight=\"0\" scrolling=\"no\"><\/iframe>\n<\/div><\/figure>\n\n\n\n<p><\/p>\n\n\n\n<figure class=\"wp-block-embed is-type-wp-embed is-provider-permaculture-en-limousin wp-block-embed-permaculture-en-limousin\"><div class=\"wp-block-embed__wrapper\">\n<blockquote class=\"wp-embedded-content\" data-secret=\"zQ7k3CURD8\"><a href=\"https:\/\/gregoryderville.com\/index.php\/2021\/06\/18\/confefence-formation-sur-la-permaculture-dans-le-cadre-de-lassociation-appui-a-roisin-belgique\/\">Conf\u00e9fence + formation sur la permaculture dans le cadre de l&rsquo;association APPUI \u00e0 Roisin (Belgique)<\/a><\/blockquote><iframe loading=\"lazy\" class=\"wp-embedded-content\" sandbox=\"allow-scripts\" security=\"restricted\" style=\"position: absolute; visibility: hidden;\" title=\"\u00ab\u00a0Conf\u00e9fence + formation sur la permaculture dans le cadre de l&rsquo;association APPUI \u00e0 Roisin (Belgique)\u00a0\u00bb &#8212; Permaculture en Limousin\" src=\"https:\/\/gregoryderville.com\/index.php\/2021\/06\/18\/confefence-formation-sur-la-permaculture-dans-le-cadre-de-lassociation-appui-a-roisin-belgique\/embed\/#?secret=ZnIiGQLBZ8#?secret=zQ7k3CURD8\" data-secret=\"zQ7k3CURD8\" width=\"600\" height=\"338\" frameborder=\"0\" marginwidth=\"0\" marginheight=\"0\" scrolling=\"no\"><\/iframe>\n<\/div><\/figure>\n\n\n\n<p><\/p>\n\n\n\n<figure class=\"wp-block-embed is-type-wp-embed is-provider-permaculture-en-limousin wp-block-embed-permaculture-en-limousin\"><div class=\"wp-block-embed__wrapper\">\n<blockquote class=\"wp-embedded-content\" data-secret=\"DuuBf1LDle\"><a href=\"https:\/\/gregoryderville.com\/index.php\/2021\/01\/07\/formation-de-deux-jours-sur-la-transition-ecologique-dans-le-cpie-du-haut-jura\/\">Formation de deux jours sur la transition \u00e9cologique dans le CPIE du Haut-Jura<\/a><\/blockquote><iframe loading=\"lazy\" class=\"wp-embedded-content\" sandbox=\"allow-scripts\" security=\"restricted\" style=\"position: absolute; visibility: hidden;\" title=\"\u00ab\u00a0Formation de deux jours sur la transition \u00e9cologique dans le CPIE du Haut-Jura\u00a0\u00bb &#8212; Permaculture en Limousin\" src=\"https:\/\/gregoryderville.com\/index.php\/2021\/01\/07\/formation-de-deux-jours-sur-la-transition-ecologique-dans-le-cpie-du-haut-jura\/embed\/#?secret=MiM6ShEmab#?secret=DuuBf1LDle\" data-secret=\"DuuBf1LDle\" width=\"600\" height=\"338\" frameborder=\"0\" marginwidth=\"0\" marginheight=\"0\" scrolling=\"no\"><\/iframe>\n<\/div><\/figure>\n\n\n\n<p><\/p>\n\n\n\n<figure class=\"wp-block-embed is-type-wp-embed is-provider-permaculture-en-limousin wp-block-embed-permaculture-en-limousin\"><div class=\"wp-block-embed__wrapper\">\n<blockquote class=\"wp-embedded-content\" data-secret=\"UOAO9aLj4g\"><a href=\"https:\/\/gregoryderville.com\/index.php\/2020\/10\/05\/5049\/\">Conf\u00e9rence et ateliers pratiques sur la permaculture au Centre oecum\u00e9nique Saint-Hugues de Biviers<\/a><\/blockquote><iframe loading=\"lazy\" class=\"wp-embedded-content\" sandbox=\"allow-scripts\" security=\"restricted\" style=\"position: absolute; visibility: hidden;\" title=\"\u00ab\u00a0Conf\u00e9rence et ateliers pratiques sur la permaculture au Centre oecum\u00e9nique Saint-Hugues de Biviers\u00a0\u00bb &#8212; Permaculture en Limousin\" src=\"https:\/\/gregoryderville.com\/index.php\/2020\/10\/05\/5049\/embed\/#?secret=4ZhA0pXTm4#?secret=UOAO9aLj4g\" data-secret=\"UOAO9aLj4g\" width=\"600\" height=\"338\" frameborder=\"0\" marginwidth=\"0\" marginheight=\"0\" scrolling=\"no\"><\/iframe>\n<\/div><\/figure>\n\n\n\n<p><\/p>\n\n\n\n<figure class=\"wp-block-embed is-type-wp-embed is-provider-permaculture-en-limousin wp-block-embed-permaculture-en-limousin\"><div class=\"wp-block-embed__wrapper\">\n<blockquote class=\"wp-embedded-content\" data-secret=\"yigFzuGndK\"><a href=\"https:\/\/gregoryderville.com\/index.php\/2020\/01\/28\/conference-sur-la-permaculture-a-saint-cyr-sur-mer\/\">Conf\u00e9rence sur la permaculture \u00e0 Saint-Cyr sur mer<\/a><\/blockquote><iframe loading=\"lazy\" class=\"wp-embedded-content\" sandbox=\"allow-scripts\" security=\"restricted\" style=\"position: absolute; visibility: hidden;\" title=\"\u00ab\u00a0Conf\u00e9rence sur la permaculture \u00e0 Saint-Cyr sur mer\u00a0\u00bb &#8212; Permaculture en Limousin\" src=\"https:\/\/gregoryderville.com\/index.php\/2020\/01\/28\/conference-sur-la-permaculture-a-saint-cyr-sur-mer\/embed\/#?secret=RFL9JHDRR6#?secret=yigFzuGndK\" data-secret=\"yigFzuGndK\" width=\"600\" height=\"338\" frameborder=\"0\" marginwidth=\"0\" marginheight=\"0\" scrolling=\"no\"><\/iframe>\n<\/div><\/figure>\n\n\n\n<p><\/p>\n\n\n\n<figure class=\"wp-block-embed is-type-wp-embed is-provider-permaculture-en-limousin wp-block-embed-permaculture-en-limousin\"><div class=\"wp-block-embed__wrapper\">\n<blockquote class=\"wp-embedded-content\" data-secret=\"AV4feuhkBa\"><a href=\"https:\/\/gregoryderville.com\/index.php\/2019\/04\/04\/animation-dun-cafe-citoyens-ville-transition-et-permaculture-dans-le-cadre-de-la-concertation-sur-le-pcaet-metropole-europeenne-de-lille\/\">Animation d&rsquo;un caf\u00e9 citoyens \u00ab\u00a0Ville, transition et permaculture\u00a0\u00bb, dans le cadre de la concertation sur le #PCAET (M\u00e9tropole Europ\u00e9enne de Lille)<\/a><\/blockquote><iframe loading=\"lazy\" class=\"wp-embedded-content\" sandbox=\"allow-scripts\" security=\"restricted\" style=\"position: absolute; visibility: hidden;\" title=\"\u00ab\u00a0Animation d&rsquo;un caf\u00e9 citoyens \u00ab\u00a0Ville, transition et permaculture\u00a0\u00bb, dans le cadre de la concertation sur le #PCAET (M\u00e9tropole Europ\u00e9enne de Lille)\u00a0\u00bb &#8212; Permaculture en Limousin\" src=\"https:\/\/gregoryderville.com\/index.php\/2019\/04\/04\/animation-dun-cafe-citoyens-ville-transition-et-permaculture-dans-le-cadre-de-la-concertation-sur-le-pcaet-metropole-europeenne-de-lille\/embed\/#?secret=DcfeCFTz1A#?secret=AV4feuhkBa\" data-secret=\"AV4feuhkBa\" width=\"600\" height=\"338\" frameborder=\"0\" marginwidth=\"0\" marginheight=\"0\" scrolling=\"no\"><\/iframe>\n<\/div><\/figure>\n\n\n\n<p class=\"has-text-align-center has-small-font-size\"><\/p>\n\n\n\n<figure class=\"wp-block-embed is-type-wp-embed is-provider-permaculture-en-limousin wp-block-embed-permaculture-en-limousin\"><div class=\"wp-block-embed__wrapper\">\n<blockquote class=\"wp-embedded-content\" data-secret=\"1vz071uaw0\"><a href=\"https:\/\/gregoryderville.com\/index.php\/2020\/03\/01\/conference-sur-la-transition-ecologique-du-secteur-du-batiment-a-marseille\/\">Conf\u00e9rence sur la transition \u00e9cologique du secteur du b\u00e2timent \u00e0 Marseille<\/a><\/blockquote><iframe loading=\"lazy\" class=\"wp-embedded-content\" sandbox=\"allow-scripts\" security=\"restricted\" style=\"position: absolute; visibility: hidden;\" title=\"\u00ab\u00a0Conf\u00e9rence sur la transition \u00e9cologique du secteur du b\u00e2timent \u00e0 Marseille\u00a0\u00bb &#8212; Permaculture en Limousin\" src=\"https:\/\/gregoryderville.com\/index.php\/2020\/03\/01\/conference-sur-la-transition-ecologique-du-secteur-du-batiment-a-marseille\/embed\/#?secret=cCiiQMKmUp#?secret=1vz071uaw0\" data-secret=\"1vz071uaw0\" width=\"600\" height=\"338\" frameborder=\"0\" marginwidth=\"0\" marginheight=\"0\" scrolling=\"no\"><\/iframe>\n<\/div><\/figure>\n\n\n\n<p class=\"has-text-align-center has-small-font-size\"><\/p>\n\n\n\n<figure class=\"wp-block-embed is-type-wp-embed is-provider-permaculture-en-limousin wp-block-embed-permaculture-en-limousin\"><div class=\"wp-block-embed__wrapper\">\n<blockquote class=\"wp-embedded-content\" data-secret=\"NevHgJNFXh\"><a href=\"https:\/\/gregoryderville.com\/index.php\/2015\/10\/04\/mon-premier-stage-sur-la-permaculture\/\">Mon premier stage sur la permaculture!<\/a><\/blockquote><iframe loading=\"lazy\" class=\"wp-embedded-content\" sandbox=\"allow-scripts\" security=\"restricted\" style=\"position: absolute; visibility: hidden;\" title=\"\u00ab\u00a0Mon premier stage sur la permaculture!\u00a0\u00bb &#8212; Permaculture en Limousin\" src=\"https:\/\/gregoryderville.com\/index.php\/2015\/10\/04\/mon-premier-stage-sur-la-permaculture\/embed\/#?secret=MUipDQquPr#?secret=NevHgJNFXh\" data-secret=\"NevHgJNFXh\" width=\"600\" height=\"338\" frameborder=\"0\" marginwidth=\"0\" marginheight=\"0\" scrolling=\"no\"><\/iframe>\n<\/div><\/figure>\n\n\n\n<p><\/p>\n","protected":false},"excerpt":{"rendered":"<p>Depuis 2019, je donne r\u00e9guli\u00e8rement des conf\u00e9rences et des formations sur la permaculture et la transition \u00e9cologique des territoires, un peu partout en France, \u00e0 l&rsquo;invitation d&rsquo;associations, de collectivit\u00e9s ou&hellip;<a href=\"https:\/\/gregoryderville.com\/index.php\/mes-publications\/mes-conferences-et-formations\/\" class=\"more-link\"><span class=\"more-button\">Continue reading<span class=\"screen-reader-text\">Conf\u00e9rences &amp; formations<\/span><\/span><\/a><\/p>\n","protected":false},"author":1,"featured_media":4889,"parent":27,"menu_order":0,"comment_status":"closed","ping_status":"closed","template":"","meta":{"footnotes":""},"class_list":["post-34","page","type-page","status-publish","has-post-thumbnail","hentry"],"_links":{"self":[{"href":"https:\/\/gregoryderville.com\/index.php\/wp-json\/wp\/v2\/pages\/34","targetHints":{"allow":["GET"]}}],"collection":[{"href":"https:\/\/gregoryderville.com\/index.php\/wp-json\/wp\/v2\/pages"}],"about":[{"href":"https:\/\/gregoryderville.com\/index.php\/wp-json\/wp\/v2\/types\/page"}],"author":[{"embeddable":true,"href":"https:\/\/gregoryderville.com\/index.php\/wp-json\/wp\/v2\/users\/1"}],"replies":[{"embeddable":true,"href":"https:\/\/gregoryderville.com\/index.php\/wp-json\/wp\/v2\/comments?post=34"}],"version-history":[{"count":32,"href":"https:\/\/gregoryderville.com\/index.php\/wp-json\/wp\/v2\/pages\/34\/revisions"}],"predecessor-version":[{"id":5097,"href":"https:\/\/gregoryderville.com\/index.php\/wp-json\/wp\/v2\/pages\/34\/revisions\/5097"}],"up":[{"embeddable":true,"href":"https:\/\/gregoryderville.com\/index.php\/wp-json\/wp\/v2\/pages\/27"}],"wp:featuredmedia":[{"embeddable":true,"href":"https:\/\/gregoryderville.com\/index.php\/wp-json\/wp\/v2\/media\/4889"}],"wp:attachment":[{"href":"https:\/\/gregoryderville.com\/index.php\/wp-json\/wp\/v2\/media?parent=34"}],"curies":[{"name":"wp","href":"https:\/\/api.w.org\/{rel}","templated":true}]}}