{"id":389,"date":"2025-02-03T13:50:51","date_gmt":"2025-02-03T12:50:51","guid":{"rendered":"https:\/\/gregoryderville.com\/?page_id=389"},"modified":"2025-09-28T17:32:15","modified_gmt":"2025-09-28T15:32:15","slug":"chantiers-et-travaux","status":"publish","type":"page","link":"https:\/\/gregoryderville.com\/index.php\/chantiers-et-travaux\/","title":{"rendered":"Chantiers &amp; travaux"},"content":{"rendered":"\n<p><\/p>\n\n\n\n<figure class=\"wp-block-embed is-type-wp-embed is-provider-contenu-embarqu wp-block-embed-contenu-embarqu\"><div class=\"wp-block-embed__wrapper\">\n<blockquote class=\"wp-embedded-content\" data-secret=\"ZaFijnAExH\"><a href=\"https:\/\/gregoryderville.com\/index.php\/2025\/09\/28\/un-chantier-de-plus-limpermeabilisation-du-bassin-entre-la-maison-et-letang\/\">Imperm\u00e9abilisation du bassin entre la maison et l&rsquo;\u00e9tang<\/a><\/blockquote><iframe loading=\"lazy\" class=\"wp-embedded-content\" sandbox=\"allow-scripts\" security=\"restricted\" style=\"position: absolute; visibility: hidden;\" title=\"\u00ab\u00a0Imperm\u00e9abilisation du bassin entre la maison et l&rsquo;\u00e9tang\u00a0\u00bb &#8212; \" src=\"https:\/\/gregoryderville.com\/index.php\/2025\/09\/28\/un-chantier-de-plus-limpermeabilisation-du-bassin-entre-la-maison-et-letang\/embed\/#?secret=6mFRBx4Hig#?secret=ZaFijnAExH\" data-secret=\"ZaFijnAExH\" width=\"600\" height=\"338\" frameborder=\"0\" marginwidth=\"0\" marginheight=\"0\" scrolling=\"no\"><\/iframe>\n<\/div><\/figure>\n\n\n\n<p><\/p>\n\n\n\n<figure class=\"wp-block-embed is-type-wp-embed is-provider-contenu-embarqu wp-block-embed-contenu-embarqu\"><div class=\"wp-block-embed__wrapper\">\n<blockquote class=\"wp-embedded-content\" data-secret=\"SMmxoBm8Jn\"><a href=\"https:\/\/gregoryderville.com\/index.php\/2025\/09\/20\/lisolation-par-lexterieur-de-la-partie-ancienne-de-la-maison-est-terminee\/\">L&rsquo;isolation par l&rsquo;ext\u00e9rieur de la partie ancienne de la maison est termin\u00e9e!<\/a><\/blockquote><iframe loading=\"lazy\" class=\"wp-embedded-content\" sandbox=\"allow-scripts\" security=\"restricted\" style=\"position: absolute; visibility: hidden;\" title=\"\u00ab\u00a0L&rsquo;isolation par l&rsquo;ext\u00e9rieur de la partie ancienne de la maison est termin\u00e9e!\u00a0\u00bb &#8212; \" src=\"https:\/\/gregoryderville.com\/index.php\/2025\/09\/20\/lisolation-par-lexterieur-de-la-partie-ancienne-de-la-maison-est-terminee\/embed\/#?secret=ueXwAFyJ8t#?secret=SMmxoBm8Jn\" data-secret=\"SMmxoBm8Jn\" width=\"600\" height=\"338\" frameborder=\"0\" marginwidth=\"0\" marginheight=\"0\" scrolling=\"no\"><\/iframe>\n<\/div><\/figure>\n\n\n\n<p><\/p>\n\n\n\n<figure class=\"wp-block-embed is-type-wp-embed is-provider-contenu-embarqu wp-block-embed-contenu-embarqu\"><div class=\"wp-block-embed__wrapper\">\n<blockquote class=\"wp-embedded-content\" data-secret=\"3eSu0Q3jUa\"><a href=\"https:\/\/gregoryderville.com\/index.php\/2025\/02\/16\/taille-du-vieux-cerisier-et-des-vieux-pommiers\/\">Taille du vieux cerisier et des vieux pommiers<\/a><\/blockquote><iframe loading=\"lazy\" class=\"wp-embedded-content\" sandbox=\"allow-scripts\" security=\"restricted\" style=\"position: absolute; visibility: hidden;\" title=\"\u00ab\u00a0Taille du vieux cerisier et des vieux pommiers\u00a0\u00bb &#8212; \" src=\"https:\/\/gregoryderville.com\/index.php\/2025\/02\/16\/taille-du-vieux-cerisier-et-des-vieux-pommiers\/embed\/#?secret=1CBKuqrG8O#?secret=3eSu0Q3jUa\" data-secret=\"3eSu0Q3jUa\" width=\"600\" height=\"338\" frameborder=\"0\" marginwidth=\"0\" marginheight=\"0\" scrolling=\"no\"><\/iframe>\n<\/div><\/figure>\n\n\n\n<p><\/p>\n\n\n\n<figure class=\"wp-block-embed is-type-wp-embed is-provider-contenu-embarqu wp-block-embed-contenu-embarqu\"><div class=\"wp-block-embed__wrapper\">\n<blockquote class=\"wp-embedded-content\" data-secret=\"12VHiiylvd\"><a href=\"https:\/\/gregoryderville.com\/index.php\/2024\/11\/11\/ne-plus-jamais-laisser-les-ronces-sinstaller-la-ou-on-nen-veut-pas\/\">Ne plus JAMAIS laisser les ronces s&rsquo;installer l\u00e0 o\u00f9 on n&rsquo;en veut pas&#8230;<\/a><\/blockquote><iframe loading=\"lazy\" class=\"wp-embedded-content\" sandbox=\"allow-scripts\" security=\"restricted\" style=\"position: absolute; visibility: hidden;\" title=\"\u00ab\u00a0Ne plus JAMAIS laisser les ronces s&rsquo;installer l\u00e0 o\u00f9 on n&rsquo;en veut pas&#8230;\u00a0\u00bb &#8212; \" src=\"https:\/\/gregoryderville.com\/index.php\/2024\/11\/11\/ne-plus-jamais-laisser-les-ronces-sinstaller-la-ou-on-nen-veut-pas\/embed\/#?secret=0dRIbbNbHr#?secret=12VHiiylvd\" data-secret=\"12VHiiylvd\" width=\"600\" height=\"338\" frameborder=\"0\" marginwidth=\"0\" marginheight=\"0\" scrolling=\"no\"><\/iframe>\n<\/div><\/figure>\n\n\n\n<p><\/p>\n\n\n\n<figure class=\"wp-block-embed is-type-wp-embed is-provider-contenu-embarqu wp-block-embed-contenu-embarqu\"><div class=\"wp-block-embed__wrapper\">\n<blockquote class=\"wp-embedded-content\" data-secret=\"AbOfQhHhQq\"><a href=\"https:\/\/gregoryderville.com\/index.php\/2024\/11\/10\/jfais-des-trous-des-ptits-trous-encore-des-ptits-trous\/\">\u00ab\u00a0J&rsquo;fais des trous, des p&rsquo;tits trous, encore des p&rsquo;tits trous&#8230; \u00ab\u00a0<\/a><\/blockquote><iframe loading=\"lazy\" class=\"wp-embedded-content\" sandbox=\"allow-scripts\" security=\"restricted\" style=\"position: absolute; visibility: hidden;\" title=\"\u00ab\u00a0\u00ab\u00a0J&rsquo;fais des trous, des p&rsquo;tits trous, encore des p&rsquo;tits trous&#8230; \u00ab\u00a0\u00a0\u00bb &#8212; \" src=\"https:\/\/gregoryderville.com\/index.php\/2024\/11\/10\/jfais-des-trous-des-ptits-trous-encore-des-ptits-trous\/embed\/#?secret=I473vxPcKr#?secret=AbOfQhHhQq\" data-secret=\"AbOfQhHhQq\" width=\"600\" height=\"338\" frameborder=\"0\" marginwidth=\"0\" marginheight=\"0\" scrolling=\"no\"><\/iframe>\n<\/div><\/figure>\n\n\n\n<p><\/p>\n\n\n\n<figure class=\"wp-block-embed is-type-wp-embed is-provider-contenu-embarqu wp-block-embed-contenu-embarqu\"><div class=\"wp-block-embed__wrapper\">\n<blockquote class=\"wp-embedded-content\" data-secret=\"f2D3VN179z\"><a href=\"https:\/\/gregoryderville.com\/index.php\/2024\/06\/12\/les-fruitiers-proteges-grace-a-laide-et-a-lenfonce-pieu-de-mes-voisins\/\">Les fruitiers prot\u00e9g\u00e9s, gr\u00e2ce \u00e0 l&rsquo;aide et \u00e0 l&rsquo;enfonce-pieu de mes voisins<\/a><\/blockquote><iframe loading=\"lazy\" class=\"wp-embedded-content\" sandbox=\"allow-scripts\" security=\"restricted\" style=\"position: absolute; visibility: hidden;\" title=\"\u00ab\u00a0Les fruitiers prot\u00e9g\u00e9s, gr\u00e2ce \u00e0 l&rsquo;aide et \u00e0 l&rsquo;enfonce-pieu de mes voisins\u00a0\u00bb &#8212; \" src=\"https:\/\/gregoryderville.com\/index.php\/2024\/06\/12\/les-fruitiers-proteges-grace-a-laide-et-a-lenfonce-pieu-de-mes-voisins\/embed\/#?secret=JBrhQAMjdQ#?secret=f2D3VN179z\" data-secret=\"f2D3VN179z\" width=\"600\" height=\"338\" frameborder=\"0\" marginwidth=\"0\" marginheight=\"0\" scrolling=\"no\"><\/iframe>\n<\/div><\/figure>\n\n\n\n<p><\/p>\n\n\n\n<figure class=\"wp-block-embed is-type-wp-embed is-provider-contenu-embarqu wp-block-embed-contenu-embarqu\"><div class=\"wp-block-embed__wrapper\">\n<blockquote class=\"wp-embedded-content\" data-secret=\"NoscQHh0V9\"><a href=\"https:\/\/gregoryderville.com\/index.php\/2024\/01\/28\/18-fruitiers-plantes-en-deux-jours\/\">18 fruitiers plant\u00e9s en deux jours<\/a><\/blockquote><iframe loading=\"lazy\" class=\"wp-embedded-content\" sandbox=\"allow-scripts\" security=\"restricted\" style=\"position: absolute; visibility: hidden;\" title=\"\u00ab\u00a018 fruitiers plant\u00e9s en deux jours\u00a0\u00bb &#8212; \" src=\"https:\/\/gregoryderville.com\/index.php\/2024\/01\/28\/18-fruitiers-plantes-en-deux-jours\/embed\/#?secret=LdcRq0u7ZV#?secret=NoscQHh0V9\" data-secret=\"NoscQHh0V9\" width=\"600\" height=\"338\" frameborder=\"0\" marginwidth=\"0\" marginheight=\"0\" scrolling=\"no\"><\/iframe>\n<\/div><\/figure>\n\n\n\n<p><\/p>\n\n\n\n<figure class=\"wp-block-embed is-type-wp-embed is-provider-contenu-embarqu wp-block-embed-contenu-embarqu\"><div class=\"wp-block-embed__wrapper\">\n<blockquote class=\"wp-embedded-content\" data-secret=\"OCX8QPwDQg\"><a href=\"https:\/\/gregoryderville.com\/index.php\/2024\/08\/31\/installation-de-deux-cuves-de-recuperation-deau-de-pluie\/\">Installation de deux cuves de r\u00e9cup\u00e9ration d&rsquo;eau de pluie<\/a><\/blockquote><iframe loading=\"lazy\" class=\"wp-embedded-content\" sandbox=\"allow-scripts\" security=\"restricted\" style=\"position: absolute; visibility: hidden;\" title=\"\u00ab\u00a0Installation de deux cuves de r\u00e9cup\u00e9ration d&rsquo;eau de pluie\u00a0\u00bb &#8212; \" src=\"https:\/\/gregoryderville.com\/index.php\/2024\/08\/31\/installation-de-deux-cuves-de-recuperation-deau-de-pluie\/embed\/#?secret=vIbqRmRIKo#?secret=OCX8QPwDQg\" data-secret=\"OCX8QPwDQg\" width=\"600\" height=\"338\" frameborder=\"0\" marginwidth=\"0\" marginheight=\"0\" scrolling=\"no\"><\/iframe>\n<\/div><\/figure>\n\n\n\n<p><\/p>\n\n\n\n<figure class=\"wp-block-embed is-type-wp-embed is-provider-contenu-embarqu wp-block-embed-contenu-embarqu\"><div class=\"wp-block-embed__wrapper\">\n<blockquote class=\"wp-embedded-content\" data-secret=\"s2EwVUM2Xc\"><a href=\"https:\/\/gregoryderville.com\/index.php\/2023\/06\/11\/grace-a-mon-voisin-leau-coule-a-nouveau-a-labreuvoir\/\">Gr\u00e2ce \u00e0 mon voisin, l&rsquo;eau coule \u00e0 nouveau \u00e0 l&rsquo;abreuvoir!<\/a><\/blockquote><iframe loading=\"lazy\" class=\"wp-embedded-content\" sandbox=\"allow-scripts\" security=\"restricted\" style=\"position: absolute; visibility: hidden;\" title=\"\u00ab\u00a0Gr\u00e2ce \u00e0 mon voisin, l&rsquo;eau coule \u00e0 nouveau \u00e0 l&rsquo;abreuvoir!\u00a0\u00bb &#8212; \" src=\"https:\/\/gregoryderville.com\/index.php\/2023\/06\/11\/grace-a-mon-voisin-leau-coule-a-nouveau-a-labreuvoir\/embed\/#?secret=qCdREu07gU#?secret=s2EwVUM2Xc\" data-secret=\"s2EwVUM2Xc\" width=\"600\" height=\"338\" frameborder=\"0\" marginwidth=\"0\" marginheight=\"0\" scrolling=\"no\"><\/iframe>\n<\/div><\/figure>\n\n\n\n<p><\/p>\n\n\n\n<figure class=\"wp-block-embed is-type-wp-embed is-provider-contenu-embarqu wp-block-embed-contenu-embarqu\"><div class=\"wp-block-embed__wrapper\">\n<blockquote class=\"wp-embedded-content\" data-secret=\"n7T7wSKMYC\"><a href=\"https:\/\/gregoryderville.com\/index.php\/2022\/11\/12\/esclave-energetique-vs-humain-le-cas-du-nettoyage-des-bergeries-de-mes-voisins\/\">Esclave \u00e9nerg\u00e9tique vs humain: le cas du nettoyage des bergeries de mes voisins<\/a><\/blockquote><iframe loading=\"lazy\" class=\"wp-embedded-content\" sandbox=\"allow-scripts\" security=\"restricted\" style=\"position: absolute; visibility: hidden;\" title=\"\u00ab\u00a0Esclave \u00e9nerg\u00e9tique vs humain: le cas du nettoyage des bergeries de mes voisins\u00a0\u00bb &#8212; \" src=\"https:\/\/gregoryderville.com\/index.php\/2022\/11\/12\/esclave-energetique-vs-humain-le-cas-du-nettoyage-des-bergeries-de-mes-voisins\/embed\/#?secret=1crgXq2ZAG#?secret=n7T7wSKMYC\" data-secret=\"n7T7wSKMYC\" width=\"600\" height=\"338\" frameborder=\"0\" marginwidth=\"0\" marginheight=\"0\" scrolling=\"no\"><\/iframe>\n<\/div><\/figure>\n\n\n\n<p><\/p>\n\n\n\n<figure class=\"wp-block-embed is-type-wp-embed is-provider-contenu-embarqu wp-block-embed-contenu-embarqu\"><div class=\"wp-block-embed__wrapper\">\n<blockquote class=\"wp-embedded-content\" data-secret=\"lamw0E5Wbm\"><a href=\"https:\/\/gregoryderville.com\/index.php\/2022\/10\/29\/travaux-disolation-de-la-toiture-avant-apres\/\">Travaux d&rsquo;isolation de la toiture: avant \/ apr\u00e8s<\/a><\/blockquote><iframe loading=\"lazy\" class=\"wp-embedded-content\" sandbox=\"allow-scripts\" security=\"restricted\" style=\"position: absolute; visibility: hidden;\" title=\"\u00ab\u00a0Travaux d&rsquo;isolation de la toiture: avant \/ apr\u00e8s\u00a0\u00bb &#8212; \" src=\"https:\/\/gregoryderville.com\/index.php\/2022\/10\/29\/travaux-disolation-de-la-toiture-avant-apres\/embed\/#?secret=l787BicDTd#?secret=lamw0E5Wbm\" data-secret=\"lamw0E5Wbm\" width=\"600\" height=\"338\" frameborder=\"0\" marginwidth=\"0\" marginheight=\"0\" scrolling=\"no\"><\/iframe>\n<\/div><\/figure>\n\n\n\n<p><\/p>\n\n\n\n<figure class=\"wp-block-embed is-type-wp-embed is-provider-contenu-embarqu wp-block-embed-contenu-embarqu\"><div class=\"wp-block-embed__wrapper\">\n<blockquote class=\"wp-embedded-content\" data-secret=\"Oful7mPAAA\"><a href=\"https:\/\/gregoryderville.com\/index.php\/2022\/09\/03\/le-travail-qui-se-cache-derriere-les-feelgoodposts-sur-les-recoltes-au-jardin\/\">Le travail qui se cache derri\u00e8re les #Feelgoodposts sur les r\u00e9coltes au jardin<\/a><\/blockquote><iframe loading=\"lazy\" class=\"wp-embedded-content\" sandbox=\"allow-scripts\" security=\"restricted\" style=\"position: absolute; visibility: hidden;\" title=\"\u00ab\u00a0Le travail qui se cache derri\u00e8re les #Feelgoodposts sur les r\u00e9coltes au jardin\u00a0\u00bb &#8212; \" src=\"https:\/\/gregoryderville.com\/index.php\/2022\/09\/03\/le-travail-qui-se-cache-derriere-les-feelgoodposts-sur-les-recoltes-au-jardin\/embed\/#?secret=duic3Oj1qh#?secret=Oful7mPAAA\" data-secret=\"Oful7mPAAA\" width=\"600\" height=\"338\" frameborder=\"0\" marginwidth=\"0\" marginheight=\"0\" scrolling=\"no\"><\/iframe>\n<\/div><\/figure>\n\n\n\n<p><\/p>\n\n\n\n<figure class=\"wp-block-embed is-type-wp-embed is-provider-contenu-embarqu wp-block-embed-contenu-embarqu\"><div class=\"wp-block-embed__wrapper\">\n<blockquote class=\"wp-embedded-content\" data-secret=\"3XDsOijoxB\"><a href=\"https:\/\/gregoryderville.com\/index.php\/2022\/07\/29\/installation-de-larmature-de-la-serre\/\">Installation de l&rsquo;armature de la serre<\/a><\/blockquote><iframe loading=\"lazy\" class=\"wp-embedded-content\" sandbox=\"allow-scripts\" security=\"restricted\" style=\"position: absolute; visibility: hidden;\" title=\"\u00ab\u00a0Installation de l&rsquo;armature de la serre\u00a0\u00bb &#8212; \" src=\"https:\/\/gregoryderville.com\/index.php\/2022\/07\/29\/installation-de-larmature-de-la-serre\/embed\/#?secret=tsqqafHuZd#?secret=3XDsOijoxB\" data-secret=\"3XDsOijoxB\" width=\"600\" height=\"338\" frameborder=\"0\" marginwidth=\"0\" marginheight=\"0\" scrolling=\"no\"><\/iframe>\n<\/div><\/figure>\n\n\n\n<p><\/p>\n\n\n\n<figure class=\"wp-block-embed is-type-wp-embed is-provider-contenu-embarqu wp-block-embed-contenu-embarqu\"><div class=\"wp-block-embed__wrapper\">\n<blockquote class=\"wp-embedded-content\" data-secret=\"Qx4aGJ6AiZ\"><a href=\"https:\/\/gregoryderville.com\/index.php\/2022\/02\/13\/bilan-dun-week-end-de-plantations-ensoleille-27-arbres-et-arbustes-plantes\/\">Bilan d&rsquo;un week-end ensoleill\u00e9: 27 arbres et arbustes plant\u00e9s!!!<\/a><\/blockquote><iframe loading=\"lazy\" class=\"wp-embedded-content\" sandbox=\"allow-scripts\" security=\"restricted\" style=\"position: absolute; visibility: hidden;\" title=\"\u00ab\u00a0Bilan d&rsquo;un week-end ensoleill\u00e9: 27 arbres et arbustes plant\u00e9s!!!\u00a0\u00bb &#8212; \" src=\"https:\/\/gregoryderville.com\/index.php\/2022\/02\/13\/bilan-dun-week-end-de-plantations-ensoleille-27-arbres-et-arbustes-plantes\/embed\/#?secret=mlJqhaKFCY#?secret=Qx4aGJ6AiZ\" data-secret=\"Qx4aGJ6AiZ\" width=\"600\" height=\"338\" frameborder=\"0\" marginwidth=\"0\" marginheight=\"0\" scrolling=\"no\"><\/iframe>\n<\/div><\/figure>\n\n\n\n<p><\/p>\n\n\n\n<figure class=\"wp-block-embed is-type-wp-embed is-provider-contenu-embarqu wp-block-embed-contenu-embarqu\"><div class=\"wp-block-embed__wrapper\">\n<blockquote class=\"wp-embedded-content\" data-secret=\"2cLi9rZZbm\"><a href=\"https:\/\/gregoryderville.com\/index.php\/2022\/01\/30\/plantation-dun-jeune-olivier-greffe\/\">Plantation d&rsquo;un jeune olivier greff\u00e9<\/a><\/blockquote><iframe loading=\"lazy\" class=\"wp-embedded-content\" sandbox=\"allow-scripts\" security=\"restricted\" style=\"position: absolute; visibility: hidden;\" title=\"\u00ab\u00a0Plantation d&rsquo;un jeune olivier greff\u00e9\u00a0\u00bb &#8212; \" src=\"https:\/\/gregoryderville.com\/index.php\/2022\/01\/30\/plantation-dun-jeune-olivier-greffe\/embed\/#?secret=OiSjURMjo5#?secret=2cLi9rZZbm\" data-secret=\"2cLi9rZZbm\" width=\"600\" height=\"338\" frameborder=\"0\" marginwidth=\"0\" marginheight=\"0\" scrolling=\"no\"><\/iframe>\n<\/div><\/figure>\n\n\n\n<p><\/p>\n","protected":false},"excerpt":{"rendered":"","protected":false},"author":1,"featured_media":8407,"parent":0,"menu_order":0,"comment_status":"closed","ping_status":"closed","template":"","meta":{"footnotes":""},"class_list":["post-389","page","type-page","status-publish","has-post-thumbnail","hentry"],"_links":{"self":[{"href":"https:\/\/gregoryderville.com\/index.php\/wp-json\/wp\/v2\/pages\/389","targetHints":{"allow":["GET"]}}],"collection":[{"href":"https:\/\/gregoryderville.com\/index.php\/wp-json\/wp\/v2\/pages"}],"about":[{"href":"https:\/\/gregoryderville.com\/index.php\/wp-json\/wp\/v2\/types\/page"}],"author":[{"embeddable":true,"href":"https:\/\/gregoryderville.com\/index.php\/wp-json\/wp\/v2\/users\/1"}],"replies":[{"embeddable":true,"href":"https:\/\/gregoryderville.com\/index.php\/wp-json\/wp\/v2\/comments?post=389"}],"version-history":[{"count":22,"href":"https:\/\/gregoryderville.com\/index.php\/wp-json\/wp\/v2\/pages\/389\/revisions"}],"predecessor-version":[{"id":12181,"href":"https:\/\/gregoryderville.com\/index.php\/wp-json\/wp\/v2\/pages\/389\/revisions\/12181"}],"wp:featuredmedia":[{"embeddable":true,"href":"https:\/\/gregoryderville.com\/index.php\/wp-json\/wp\/v2\/media\/8407"}],"wp:attachment":[{"href":"https:\/\/gregoryderville.com\/index.php\/wp-json\/wp\/v2\/media?parent=389"}],"curies":[{"name":"wp","href":"https:\/\/api.w.org\/{rel}","templated":true}]}}