{"id":50,"date":"2022-02-21T17:05:12","date_gmt":"2022-02-21T16:05:12","guid":{"rendered":"http:\/\/gregoryderville.com\/?page_id=50"},"modified":"2025-04-18T22:46:10","modified_gmt":"2025-04-18T20:46:10","slug":"mes-interviews","status":"publish","type":"page","link":"https:\/\/gregoryderville.com\/index.php\/mes-publications\/mes-interviews\/","title":{"rendered":"Mes tribunes &amp; interviews"},"content":{"rendered":"\n<p><\/p>\n\n\n\n<figure class=\"wp-block-embed is-type-video is-provider-youtube wp-block-embed-youtube wp-embed-aspect-16-9 wp-has-aspect-ratio\"><div class=\"wp-block-embed__wrapper\">\n<iframe loading=\"lazy\" title=\"Agir ensemble pour r\u00e9ussir la transition \u00e9cologique - Facebook live avec Gr\u00e9gory Derville\" width=\"1230\" height=\"692\" src=\"https:\/\/www.youtube.com\/embed\/YLH4-_ydSh8?feature=oembed\" frameborder=\"0\" allow=\"accelerometer; autoplay; clipboard-write; encrypted-media; gyroscope; picture-in-picture; web-share\" referrerpolicy=\"strict-origin-when-cross-origin\" allowfullscreen><\/iframe>\n<\/div><\/figure>\n\n\n\n<p><\/p>\n\n\n\n<figure class=\"wp-block-embed is-type-wp-embed is-provider-permaculture-en-limousin wp-block-embed-permaculture-en-limousin\"><div class=\"wp-block-embed__wrapper\">\n<blockquote class=\"wp-embedded-content\" data-secret=\"4904KArVOk\"><a href=\"https:\/\/gregoryderville.com\/index.php\/2022\/09\/01\/quels-savoirs-et-savoir-faire-pour-demain\/\">\u00ab\u00a0Quels savoirs et savoir-faire pour demain ?\u00a0\u00bb<\/a><\/blockquote><iframe loading=\"lazy\" class=\"wp-embedded-content\" sandbox=\"allow-scripts\" security=\"restricted\" style=\"position: absolute; visibility: hidden;\" title=\"\u00ab\u00a0\u00ab\u00a0Quels savoirs et savoir-faire pour demain ?\u00a0\u00bb\u00a0\u00bb &#8212; Permaculture en Limousin\" src=\"https:\/\/gregoryderville.com\/index.php\/2022\/09\/01\/quels-savoirs-et-savoir-faire-pour-demain\/embed\/#?secret=rKlysEigRg#?secret=4904KArVOk\" data-secret=\"4904KArVOk\" width=\"600\" height=\"338\" frameborder=\"0\" marginwidth=\"0\" marginheight=\"0\" scrolling=\"no\"><\/iframe>\n<\/div><\/figure>\n\n\n\n<p><\/p>\n\n\n\n<figure class=\"wp-block-embed is-type-wp-embed is-provider-permaculture-en-limousin wp-block-embed-permaculture-en-limousin\"><div class=\"wp-block-embed__wrapper\">\nhttps:\/\/gregoryderville.com\/index.php\/2019\/11\/13\/mon-interview-a-la-terre-au-carre-sur-france-inter\n<\/div><\/figure>\n\n\n\n<p><\/p>\n\n\n\n<figure class=\"wp-block-embed is-type-wp-embed is-provider-permaculture-en-limousin wp-block-embed-permaculture-en-limousin\"><div class=\"wp-block-embed__wrapper\">\n<blockquote class=\"wp-embedded-content\" data-secret=\"V592ISm9uk\"><a href=\"https:\/\/gregoryderville.com\/index.php\/2019\/09\/24\/je-me-dis-cest-foutu-sauf-si-interview-a-la-vie\/\">\u00ab\u00a0Je me dis c&rsquo;est foutu, sauf si&#8230;\u00a0\u00bb (interview \u00e0 La Vie)<\/a><\/blockquote><iframe loading=\"lazy\" class=\"wp-embedded-content\" sandbox=\"allow-scripts\" security=\"restricted\" style=\"position: absolute; visibility: hidden;\" title=\"\u00ab\u00a0\u00ab\u00a0Je me dis c&rsquo;est foutu, sauf si&#8230;\u00a0\u00bb (interview \u00e0 La Vie)\u00a0\u00bb &#8212; Permaculture en Limousin\" src=\"https:\/\/gregoryderville.com\/index.php\/2019\/09\/24\/je-me-dis-cest-foutu-sauf-si-interview-a-la-vie\/embed\/#?secret=1aoRD1w1ob#?secret=V592ISm9uk\" data-secret=\"V592ISm9uk\" width=\"600\" height=\"338\" frameborder=\"0\" marginwidth=\"0\" marginheight=\"0\" scrolling=\"no\"><\/iframe>\n<\/div><\/figure>\n\n\n\n<p><\/p>\n\n\n\n<figure class=\"wp-block-embed is-type-wp-embed is-provider-permaculture-en-limousin wp-block-embed-permaculture-en-limousin\"><div class=\"wp-block-embed__wrapper\">\n<blockquote class=\"wp-embedded-content\" data-secret=\"ttbtq42LJ6\"><a href=\"https:\/\/gregoryderville.com\/index.php\/2018\/06\/11\/permaculture-et-transition-ecologique-des-territoires-interview\/\">Permaculture et transition \u00e9cologique &#8211; Interview<\/a><\/blockquote><iframe loading=\"lazy\" class=\"wp-embedded-content\" sandbox=\"allow-scripts\" security=\"restricted\" style=\"position: absolute; visibility: hidden;\" title=\"\u00ab\u00a0Permaculture et transition \u00e9cologique &#8211; Interview\u00a0\u00bb &#8212; Permaculture en Limousin\" src=\"https:\/\/gregoryderville.com\/index.php\/2018\/06\/11\/permaculture-et-transition-ecologique-des-territoires-interview\/embed\/#?secret=eUWMkFOWFE#?secret=ttbtq42LJ6\" data-secret=\"ttbtq42LJ6\" width=\"600\" height=\"338\" frameborder=\"0\" marginwidth=\"0\" marginheight=\"0\" scrolling=\"no\"><\/iframe>\n<\/div><\/figure>\n\n\n\n<p><\/p>\n\n\n\n<figure class=\"wp-block-embed is-type-wp-embed is-provider-permaculture-en-limousin wp-block-embed-permaculture-en-limousin\"><div class=\"wp-block-embed__wrapper\">\n<blockquote class=\"wp-embedded-content\" data-secret=\"rKAKwB44S7\"><a href=\"https:\/\/gregoryderville.com\/index.php\/2018\/04\/23\/interview-sur-la-permaculture-sur-beur-fm\/\">Interview sur la permaculture sur Beur FM<\/a><\/blockquote><iframe loading=\"lazy\" class=\"wp-embedded-content\" sandbox=\"allow-scripts\" security=\"restricted\" style=\"position: absolute; visibility: hidden;\" title=\"\u00ab\u00a0Interview sur la permaculture sur Beur FM\u00a0\u00bb &#8212; Permaculture en Limousin\" src=\"https:\/\/gregoryderville.com\/index.php\/2018\/04\/23\/interview-sur-la-permaculture-sur-beur-fm\/embed\/#?secret=hOEggubDJV#?secret=rKAKwB44S7\" data-secret=\"rKAKwB44S7\" width=\"600\" height=\"338\" frameborder=\"0\" marginwidth=\"0\" marginheight=\"0\" scrolling=\"no\"><\/iframe>\n<\/div><\/figure>\n\n\n\n<p><\/p>\n\n\n\n<figure class=\"wp-block-embed is-type-wp-embed is-provider-permaculture-en-limousin wp-block-embed-permaculture-en-limousin\"><div class=\"wp-block-embed__wrapper\">\n<blockquote class=\"wp-embedded-content\" data-secret=\"logKNFngWG\"><a href=\"https:\/\/gregoryderville.com\/index.php\/2018\/04\/18\/la-mise-en-oeuvre-de-la-permaculture-partout-et-par-tous-est-une-question-de-survie-pour-lhumanite\/\">\u00ab\u00a0La mise en \u0153uvre de la permaculture, partout et par tous, est une question de survie pour l&rsquo;Humanit\u00e9\u00a0\u00bb<\/a><\/blockquote><iframe loading=\"lazy\" class=\"wp-embedded-content\" sandbox=\"allow-scripts\" security=\"restricted\" style=\"position: absolute; visibility: hidden;\" title=\"\u00ab\u00a0\u00ab\u00a0La mise en \u0153uvre de la permaculture, partout et par tous, est une question de survie pour l&rsquo;Humanit\u00e9\u00a0\u00bb\u00a0\u00bb &#8212; Permaculture en Limousin\" src=\"https:\/\/gregoryderville.com\/index.php\/2018\/04\/18\/la-mise-en-oeuvre-de-la-permaculture-partout-et-par-tous-est-une-question-de-survie-pour-lhumanite\/embed\/#?secret=3hSDHeIXoL#?secret=logKNFngWG\" data-secret=\"logKNFngWG\" width=\"600\" height=\"338\" frameborder=\"0\" marginwidth=\"0\" marginheight=\"0\" scrolling=\"no\"><\/iframe>\n<\/div><\/figure>\n","protected":false},"excerpt":{"rendered":"","protected":false},"author":1,"featured_media":8410,"parent":27,"menu_order":0,"comment_status":"closed","ping_status":"closed","template":"","meta":{"footnotes":""},"class_list":["post-50","page","type-page","status-publish","has-post-thumbnail","hentry"],"_links":{"self":[{"href":"https:\/\/gregoryderville.com\/index.php\/wp-json\/wp\/v2\/pages\/50","targetHints":{"allow":["GET"]}}],"collection":[{"href":"https:\/\/gregoryderville.com\/index.php\/wp-json\/wp\/v2\/pages"}],"about":[{"href":"https:\/\/gregoryderville.com\/index.php\/wp-json\/wp\/v2\/types\/page"}],"author":[{"embeddable":true,"href":"https:\/\/gregoryderville.com\/index.php\/wp-json\/wp\/v2\/users\/1"}],"replies":[{"embeddable":true,"href":"https:\/\/gregoryderville.com\/index.php\/wp-json\/wp\/v2\/comments?post=50"}],"version-history":[{"count":14,"href":"https:\/\/gregoryderville.com\/index.php\/wp-json\/wp\/v2\/pages\/50\/revisions"}],"predecessor-version":[{"id":8058,"href":"https:\/\/gregoryderville.com\/index.php\/wp-json\/wp\/v2\/pages\/50\/revisions\/8058"}],"up":[{"embeddable":true,"href":"https:\/\/gregoryderville.com\/index.php\/wp-json\/wp\/v2\/pages\/27"}],"wp:featuredmedia":[{"embeddable":true,"href":"https:\/\/gregoryderville.com\/index.php\/wp-json\/wp\/v2\/media\/8410"}],"wp:attachment":[{"href":"https:\/\/gregoryderville.com\/index.php\/wp-json\/wp\/v2\/media?parent=50"}],"curies":[{"name":"wp","href":"https:\/\/api.w.org\/{rel}","templated":true}]}}