{"id":6695,"date":"2025-03-08T15:00:02","date_gmt":"2025-03-08T14:00:02","guid":{"rendered":"https:\/\/gregoryderville.com\/?page_id=6695"},"modified":"2025-07-05T22:27:54","modified_gmt":"2025-07-05T20:27:54","slug":"pourquoi-ai-je-cree-ce-site-internet","status":"publish","type":"page","link":"https:\/\/gregoryderville.com\/index.php\/pourquoi-ai-je-cree-ce-site-internet\/","title":{"rendered":"Pourquoi ai-je cr\u00e9\u00e9 ce site internet?"},"content":{"rendered":"\n<p><\/p>\n\n\n\n<p>Avec ce site internet, j&rsquo;ai envie de jouer l&rsquo;un des r\u00f4les que je pr\u00e9f\u00e8re, celui de passeur: j&rsquo;aime \u00eatre curieux, j&rsquo;aime d\u00e9couvrir, j&rsquo;aime m&rsquo;int\u00e9resser \u00e0 des choses diverses dans des domaines diff\u00e9rents, et j&rsquo;aime parler de ce qui me passionne autour de moi pour essayer de donner envie de s&rsquo;y int\u00e9resser et de d\u00e9couvrir (ou mieux encore peut-\u00eatre, de REd\u00e9couvrir sous un autre \u00e9clairage).<\/p>\n\n\n\n<p>Pendant des ann\u00e9es, j&rsquo;ai beaucoup publi\u00e9 sur Facebook, j&rsquo;ai relay\u00e9 des articles de presse sur diff\u00e9rentes th\u00e9matiques (l&rsquo;\u00e9cologie, la politique, la culture, la sant\u00e9), ainsi que des coups de coeur en musique, en cin\u00e9ma, en po\u00e9sie&#8230;<\/p>\n\n\n<div class=\"wp-block-image\">\n<figure class=\"alignleft size-full is-resized\"><img loading=\"lazy\" decoding=\"async\" width=\"500\" height=\"348\" src=\"https:\/\/gregoryderville.com\/wp-content\/uploads\/2025\/02\/Jardin-et-musique-1.jpg\" alt=\"\" class=\"wp-image-597\" style=\"width:277px;height:auto\" srcset=\"https:\/\/gregoryderville.com\/wp-content\/uploads\/2025\/02\/Jardin-et-musique-1.jpg 500w, https:\/\/gregoryderville.com\/wp-content\/uploads\/2025\/02\/Jardin-et-musique-1-300x209.jpg 300w, https:\/\/gregoryderville.com\/wp-content\/uploads\/2025\/02\/Jardin-et-musique-1-400x278.jpg 400w\" sizes=\"auto, (max-width: 500px) 100vw, 500px\" \/><\/figure>\n<\/div>\n\n\n<p>Depuis la fin de l&rsquo;ann\u00e9e 2000 (plus pr\u00e9cis\u00e9ment depuis le tout d\u00e9but du deuxi\u00e8me confinement), j&rsquo;ai aussi publi\u00e9 plus de 750 chroniques musicales : <a href=\"https:\/\/gregoryderville.com\/index.php\/une-annee-en-musique-30-octobre-2020-29-octobre-2021\/\" data-type=\"link\" data-id=\"https:\/\/gregoryderville.com\/index.php\/une-annee-en-musique-30-octobre-2020-29-octobre-2021\/\">365 chroniques au cours d&rsquo;une premi\u00e8re \u00ab\u00a0ann\u00e9e en musique\u00a0\u00bb<\/a> (que j&rsquo;avais pass\u00e9 seul dans le Limousin, exclusivement en t\u00e9l\u00e9travail jusqu&rsquo;en juin 2021 car c&rsquo;\u00e9tait pendant \u00ab\u00a0l&rsquo;ann\u00e9e des confinements\u00a0\u00bb ), et plusieurs centaines d&rsquo;autres depuis. <a href=\"https:\/\/gregoryderville.com\/index.php\/chroniques-musicales\/\" data-type=\"link\" data-id=\"https:\/\/gregoryderville.com\/index.php\/chroniques-musicales\/\"><strong>L&rsquo;int\u00e9gralit\u00e9 de mes chroniques musicales a \u00e9t\u00e9 rapatri\u00e9e sur ce site, sur cette page o\u00f9 elles sont class\u00e9es et index\u00e9es par ordre alphab\u00e9tique d&rsquo;artiste<\/strong><\/a>.<\/p>\n\n\n\n<p>Sinc\u00e8rement, j&rsquo;ai beaucoup aim\u00e9 Facebook, notamment parce que cela m&rsquo;a permis de garder le contact avec des amis que j&rsquo;aurais sans doute perdu de vue autrement (et m\u00eame de retrouver des amis avec qui je n&rsquo;avais pas \u00e9chang\u00e9 depuis des d\u00e9cennies \ud83d\ude0c). Beaucoup des personnes que j&rsquo;ai connues r\u00e9cemment, avec qui je passe toujours d&rsquo;excellents moments, et qui pour certains sont devenues des proches, je les ai rencontr\u00e9es sur ce r\u00e9seau. J&rsquo;ai vraiment appr\u00e9ci\u00e9 de pouvoir m&rsquo;adresser \u00e0 beaucoup de gens en m\u00eame temps pour leur donner des nouvelles \u00e0 propos de certains \u00e9v\u00e9nements marquants de ma vie (une conf\u00e9rence ou une formation que je donnais, la fin d&rsquo;un chantier, une rencontre entre amis, mes semis ou mes r\u00e9coltes&#8230;), ou pour partager mes impressions \u00e0 propos d&rsquo;un \u00e9v\u00e9nement d&rsquo;actualit\u00e9, d&rsquo;un article, d&rsquo;une chanson ou d&rsquo;un film. J&rsquo;ai aussi aim\u00e9 pouvoir suivre, en retour, les \u00e9v\u00e9nements marquants de la vie de mes ami\u00b7es, leurs projets, leurs r\u00e9ussites, leurs go\u00fbts culturels, leurs conseils de lecture, leurs activit\u00e9s, ce que deviennent leurs enfants&#8230; Tr\u00e8s franchement, pour quelqu&rsquo;un comme moi qui a plusieurs fois d\u00e9m\u00e9nag\u00e9, qui a des proches et des ami\u00b7es un peu partout et qui vit depuis assez peu de temps dans une r\u00e9gion dont il n&rsquo;est pas originaire (qui plus est en pleine campagne), un r\u00e9seau social est une invention tr\u00e8s utile, et m\u00eame pr\u00e9cieuse: j&rsquo;en ai bien profit\u00e9.<\/p>\n\n\n\n<p>Mais ces derniers temps, Facebook me fatigue de plus en plus, pour beaucoup de raisons.<\/p>\n\n\n\n<p>D&rsquo;abord j&rsquo;ai \u00e9t\u00e9 de plus en plus agac\u00e9 par l&rsquo;invasion de publicit\u00e9s, de liens sponsoris\u00e9s et de reels pourris.<\/p>\n\n\n\n<p>Ensuite j&rsquo;ai remarqu\u00e9 que les posts int\u00e9ressants de mes ami\u00b7es \u00e9taient de plus en plus noy\u00e9s et invisibilis\u00e9s dans un flot intarissable d\u2019informations non sollicit\u00e9es (peut-\u00eatre suite \u00e0 des modifications de l&rsquo;algorithme depuis qu\u2019il y a un statut premium?). J&rsquo;imagine que c&rsquo;est aussi valable mes propres posts, du moins c&rsquo;est ce que beaucoup me disent. En tous cas j&rsquo;ai observ\u00e9 qu&rsquo;ils \u00e9taient de moins en moins suivis, lik\u00e9s et comment\u00e9s, et il m&rsquo;a sembl\u00e9 que plus personne ou presque ne lisait mes chroniques musicales (notamment celles qui concernent des artistes tr\u00e8s peu connus que j&rsquo;ai envie de faire d\u00e9couvrir). Derni\u00e8rement, ma chronique sur <a href=\"https:\/\/gregoryderville.com\/index.php\/2025\/05\/14\/marlon-williams-feat-lorde-kahore-he-manu-e\/\" data-type=\"link\" data-id=\"https:\/\/gregoryderville.com\/index.php\/2025\/05\/14\/marlon-williams-feat-lorde-kahore-he-manu-e\/\">une merveilleuse chanson de l&rsquo;artiste maori Marvin Williams<\/a> n&rsquo;a pas re\u00e7u la moindre r\u00e9action, et je dois dire que \u00e7a a un peu achev\u00e9 de me convaincre que publier mes chroniques sur Facebook n&rsquo;avait plus grand sens.<\/p>\n\n\n<div class=\"wp-block-image\">\n<figure class=\"alignright size-full is-resized\"><img loading=\"lazy\" decoding=\"async\" width=\"246\" height=\"205\" src=\"https:\/\/gregoryderville.com\/wp-content\/uploads\/2025\/04\/Pigeon-et-echecs.png\" alt=\"\" class=\"wp-image-9301\" style=\"width:352px;height:auto\"\/><\/figure>\n<\/div>\n\n\n<p>J&rsquo;ai aussi constat\u00e9 que l&rsquo;ambiance sur Facebook, comme sur les r\u00e9seaux sociaux en g\u00e9n\u00e9ral, \u00e9tait de plus en plus d\u00e9l\u00e9t\u00e8re, avec un d\u00e9ferlement de plus en plus d\u00e9complex\u00e9 de violence verbale, d\u2019extr\u00e9misme, de complotisme, de b\u00eatise crasse et souvent haineuse\u2026 Prot\u00e9g\u00e9es par l&rsquo;anonymat, une foule de gens se d\u00e9foulent en \u00e9crivant absolument n&rsquo;importe quoi (et qui plus est en se croyant plus malins que tout le monde), et argumenter avec nuance devient souvent impossible. Comme X apr\u00e8s son rachat par Elon Musk, Fessebook est en train de devenir le far-west, voire carr\u00e9ment une d\u00e9charge publique. La victoire de Trump a acc\u00e9l\u00e9r\u00e9 son pourrissement, puisque Marc Zuckerberg lui a donn\u00e9 des gages en supprimant tout fast-checking et en d\u00e9zinguant les r\u00e8gles qui, jusqu&rsquo;ici, encadraient (vaguement) les d\u00e9bats. D\u00e9sormais \u00e7a va \u00eatre open bar pour le racisme, le masculinisme, le sexisme ou l&rsquo;homophobie les plus d\u00e9go\u00fbtantes, mais aussi pour le complotisme bas de plafond.<\/p>\n\n\n\n<p>Et puis politiquement, je vis mal le fait de contribuer \u00e0 faire fonctionner la multinationale d&rsquo;un type qui s&rsquo;est couch\u00e9 et qui a m\u00eame carr\u00e9ment baiss\u00e9 son pantalon devant Trump, en remettant en cause les programme de promotion de la diversit\u00e9 et en r\u00e9clamant \u00ab\u00a0<em>plus de valeurs masculines<\/em>\u00a0\u00bb \ud83e\udd14\ud83d\ude44<\/p>\n\n\n\n<p>Bien s\u00fbr je me dis aussi que quitter le navire, c&rsquo;est laisser le champ libre \u00e0 la con.nerie et \u00e0 la haine. Mais tr\u00e8s honn\u00eatement, je n&rsquo;ai plus l&rsquo;\u00e9nergie. La lecture au hasard des commentaires de la b\u00eatise satisfaite d&rsquo;elle-m\u00eame est trop d\u00e9primante pour moi, elle me fait du mal, elle me d\u00e9courage et elle me rend aigri.<\/p>\n\n\n<div class=\"wp-block-image\">\n<figure class=\"alignleft size-full is-resized\"><img loading=\"lazy\" decoding=\"async\" width=\"299\" height=\"168\" src=\"https:\/\/gregoryderville.com\/wp-content\/uploads\/2025\/03\/Facebook-et-isolement-social.jpeg\" alt=\"\" class=\"wp-image-8026\" style=\"width:442px;height:auto\"\/><\/figure>\n<\/div>\n\n\n<p>Par ailleurs, \u00e0 force de communiquer sur Facebook via des posts et des commentaires, je ne t\u00e9l\u00e9phonais plus assez \u00e0 mes proches, et ces interactions approfondies me manquent. Je ne lisais plus assez, je ne regardais plus assez de films. M\u00eame quand j&rsquo;\u00e9tais sur Facebook pour chercher de l&rsquo;information, je perdais trop de temps \u00e0 scroller et \u00e0 feuilleter rapidement les publications au lieu de choisir un petit nombre de textes ou de vid\u00e9os et de les lire ou de les regarder attentivement. A force de passer du temps devant ces \u00e9crans, mes capacit\u00e9s d&rsquo;attention se sont fortement effrit\u00e9es, au point que j&rsquo;ai d\u00e9sormais du mal \u00e0 me concentrer sur un livre et que regarder un film en entier sans \u00eatre happ\u00e9 par le t\u00e9l\u00e9phone et l&rsquo;envie de v\u00e9rifier si j&rsquo;ai des notifications est devenu difficile&#8230;<\/p>\n\n\n\n<p>Enfin j&rsquo;ai bien \u00e9t\u00e9 oblig\u00e9 de constater une autre r\u00e9alit\u00e9 tr\u00e8s d\u00e9plaisante, et m\u00eame assez humiliante je dois dire: je gaspillais trop de bande passante mentale \u00e0 me soucier de la fa\u00e7on dont ce que je publiais sur Facebook pouvait \u00eatre re\u00e7u et comment\u00e9. Et comme je passe quand m\u00eame pas mal de temps \u00e0 r\u00e9diger des posts ou des chroniques, comme je les pr\u00e9pare et je les r\u00e9dige avec soin, comme j&rsquo;y mets beaucoup de moi-m\u00eame, lorsque je ne recevais que quelques rares r\u00e9actions, je sentais que c&rsquo;est pour moi une source de d\u00e9ception et de frustration, et m\u00eame une blessure narcissique un peu pin\u00e7ante, oui, je l&rsquo;avoue.<\/p>\n\n\n\n<p>Bref, je suis l&rsquo;une des millions de victimes des r\u00e9seaux sociaux (et du smartphone), aussi bien sur le plan de la sant\u00e9 mentale et pour la sociabilit\u00e9 dans la \u00ab\u00a0vraie vie\u00a0\u00bb .<\/p>\n\n\n\n<p class=\"has-text-align-center\">\/\/\/\/\/\/<\/p>\n\n\n\n<p>Pour ces diff\u00e9rentes raisons, j&rsquo;ai d\u00e9cid\u00e9 de ne plus trop publier sur Facebook (et peut-\u00eatre \u00e0 terme de ne plus rien y publier du tout, sauf quelques rares annonces importantes comme des formations ou des chantiers participatifs). A la place, j&rsquo;ai eu envie de cr\u00e9er mon propre site internet, avec un objectif simple: <strong>\u00e9crire et publier selon mes envies, au rythme qui m&rsquo;arrange, dans les formats qui me plaisent, et sur les sujets qui m&rsquo;int\u00e9ressent ou me passionnent<\/strong>, quitte \u00e0 \u00eatre tr\u00e8s \u00e9clectique.<\/p>\n\n\n\n<p>Ce dernier point est tr\u00e8s important pour moi. Je souscris totalement \u00e0 cette formule de Roland Barthes: \u00ab\u00a0<em>J&rsquo;ai essay\u00e9 d&rsquo;\u00eatre aussi \u00e9clectique que possible dans ma vie professionnelle, et jusqu&rsquo;\u00e0 pr\u00e9sent, c&rsquo;est plut\u00f4t amusant<\/em>.\u00a0\u00bb <\/p>\n\n\n<div class=\"wp-block-image\">\n<figure class=\"aligncenter size-full is-resized\"><img loading=\"lazy\" decoding=\"async\" width=\"606\" height=\"396\" src=\"https:\/\/gregoryderville.com\/wp-content\/uploads\/2025\/03\/Guauguin-La-cueillette-des-fruits.jpg\" alt=\"Paul Gauguin, &quot;La cueillette de fruits&quot;, 1899 \/ Moscou, Mus\u00e9e national des Beaux-Arts\" class=\"wp-image-6696\" style=\"width:706px;height:auto\" srcset=\"https:\/\/gregoryderville.com\/wp-content\/uploads\/2025\/03\/Guauguin-La-cueillette-des-fruits.jpg 606w, https:\/\/gregoryderville.com\/wp-content\/uploads\/2025\/03\/Guauguin-La-cueillette-des-fruits-300x196.jpg 300w, https:\/\/gregoryderville.com\/wp-content\/uploads\/2025\/03\/Guauguin-La-cueillette-des-fruits-600x392.jpg 600w, https:\/\/gregoryderville.com\/wp-content\/uploads\/2025\/03\/Guauguin-La-cueillette-des-fruits-400x261.jpg 400w\" sizes=\"auto, (max-width: 606px) 100vw, 606px\" \/><figcaption class=\"wp-element-caption\">Paul Gauguin, \u00ab\u00a0La cueillette de fruits\u00a0\u00bb, 1899 \/ Moscou, Mus\u00e9e national des Beaux-Arts<\/figcaption><\/figure>\n<\/div>\n\n\n<p>J&rsquo;ai donc eu envie de faire de ce site internet une sorte de patchwork de ce qui me pla\u00eet et m&rsquo;int\u00e9resse: l&rsquo;\u00e9cologie et la nature, la musique, le sport, la psychologie, la philosophie, la politique, la sociologie, etc. Autant de sujets que j&rsquo;aborde ici en amateur, de fa\u00e7on s\u00fbrement pas assez profonde et pr\u00e9cise aux yeux des sp\u00e9cialistes, mais avec le go\u00fbt de vulgariser des choses qui ne sont pas forc\u00e9ment connues de tout le monde, et d&rsquo;en parler de fa\u00e7on claire, en faisant des ponts entre les sujets (c&rsquo;est pour cela qu&rsquo;au d\u00e9tour d&rsquo;une chronique musicale, vous pourrez lire des lignes sur la politique, la psychoth\u00e9rapie, sur l&rsquo;\u00e9cologie, sur le jardinage, sur le football, sur un jeu vid\u00e9o&#8230;). Je voudrais que n&rsquo;importe qui, en arrivant sur ce site pour lire un article sur un sujet en particulier, puisse tomber par hasard sur un autre sujet, et approfondir la question en utilisant les <strong><mark style=\"background-color:rgba(0, 0, 0, 0);color:#0ba66d\" class=\"has-inline-color\"><em>cat\u00e9gories <\/em><\/mark><\/strong>ou le <strong><mark style=\"background-color:rgba(0, 0, 0, 0);color:#0ca76e\" class=\"has-inline-color\"><em>nuage d&rsquo;\u00e9tiquettes<\/em><\/mark><\/strong> qui sont dans la colonne de droite du site.<\/p>\n\n\n\n<p>Je me place sous le patronage d&rsquo;un de mes h\u00e9ros, le grand, l&rsquo;immense Michel de Montaigne, pour qui j&rsquo;ai une admiration sans bornes. Il a lui-m\u00eame d\u00e9crit en ces mots la fa\u00e7on dont il choisissait les th\u00e8mes dont il parlait, et sa fa\u00e7on d&rsquo;\u00e9crire: \u00ab\u00a0<em>J\u2019aime l\u2019allure po\u00e9tique \u00e0 sauts et \u00e0 gambades<\/em>\u00a0\u00bb (Essais, III, 9). A ma tr\u00e8s modeste mesure, c&rsquo;est un peu ce que je fais ici: je parle de ce qui me pla\u00eet, comme \u00e7a me chante.<\/p>\n\n\n\n<p class=\"has-text-align-center\">\/\/\/\/\/\/<\/p>\n\n\n\n<p>Arr\u00eater de publier sur Facebook n&rsquo;a pas \u00e9t\u00e9 une d\u00e9cision facile \u00e0 prendre. Je sais que le sevrage va \u00eatre difficile, et honn\u00eatement je l&rsquo;appr\u00e9hende, car on ne renonce pas sans trouble \u00e0 des habitudes ancr\u00e9es depuis des ann\u00e9es. Je crains surtout de me retrouver plus isol\u00e9 que je le suis actuellement, de voir s&rsquo;\u00e9mousser de lien avec mes ami\u00b7es, ou de ne plus avoir la chance d&rsquo;en rencontrer d&rsquo;autres. Mais inversement je sens bien que l&rsquo;une des principales raisons pour lesquelles je cr\u00e9e ce site, c&rsquo;est pour donner \u00e0 des gens l&rsquo;envie de me rendre visite, et peut-\u00eatre pour certain\u00b7es de me rejoindre&#8230;<\/p>\n\n\n\n<p>Je sais que je vais \u00e9galement \u00e0 contre-courant du sens de l&rsquo;histoire, puisqu&rsquo;apparemment plus personne ne se fatigue \u00e0 lire le contenu des sites internet, puisque m\u00eame la fonction recherche de Google est cens\u00e9e \u00eatre has-been maintenant que de plus en plus de gens demandent \u00e0 une IA de s&rsquo;informer pour eux. Je sais que cela va me faire perdre l&rsquo;essentiel de mon audience. Tant pis. Je ressens le besoin de me recentrer sur les choses qui me tiennent vraiment \u00e0 coeur, alors que Facebook m&rsquo;a pouss\u00e9 \u00e0 me disperser et \u00e0 m&rsquo;\u00e9parpiller. Ce qui m&rsquo;int\u00e9resse avec ce site perso, c&rsquo;est d&rsquo;\u00e9crire pour moi, pour mes proches, et pour celles et ceux de mes ami\u00b7es qui trouvent que ce que je raconte peut \u00eatre int\u00e9ressant. Qui sait, si \u00e7a se trouve, je suis pr\u00e9curseur du retour en gr\u00e2ce des blogs, qui vont peut-\u00eatre redevenir \u00e0 la mode, comme le vinyle? \ud83e\udd14\ud83d\ude01 Mais peu importe, en fait.<\/p>\n\n\n\n<p>Si le contenu de ce site vous d\u00e9pla\u00eet, si vous le trouvez trop personnel ou trop narcissique, ou si les id\u00e9es que je d\u00e9fends vous h\u00e9rissent, ce n&rsquo;est pas un souci: heureusement pour vous, internet est un terrain de jeu presque infini, donc vous trouverez votre bonheur ailleurs.<\/p>\n\n\n<div class=\"wp-block-image\">\n<figure class=\"alignright size-large is-resized\"><img loading=\"lazy\" decoding=\"async\" width=\"1024\" height=\"1024\" src=\"https:\/\/gregoryderville.com\/wp-content\/uploads\/2025\/03\/Fabrication-sans-IA-1024x1024.jpg\" alt=\"\" class=\"wp-image-6572\" style=\"width:412px;height:auto\" srcset=\"https:\/\/gregoryderville.com\/wp-content\/uploads\/2025\/03\/Fabrication-sans-IA-1024x1024.jpg 1024w, https:\/\/gregoryderville.com\/wp-content\/uploads\/2025\/03\/Fabrication-sans-IA-300x300.jpg 300w, https:\/\/gregoryderville.com\/wp-content\/uploads\/2025\/03\/Fabrication-sans-IA-150x150.jpg 150w, https:\/\/gregoryderville.com\/wp-content\/uploads\/2025\/03\/Fabrication-sans-IA-768x768.jpg 768w, https:\/\/gregoryderville.com\/wp-content\/uploads\/2025\/03\/Fabrication-sans-IA-620x620.jpg 620w, https:\/\/gregoryderville.com\/wp-content\/uploads\/2025\/03\/Fabrication-sans-IA-1000x1000.jpg 1000w, https:\/\/gregoryderville.com\/wp-content\/uploads\/2025\/03\/Fabrication-sans-IA-600x600.jpg 600w, https:\/\/gregoryderville.com\/wp-content\/uploads\/2025\/03\/Fabrication-sans-IA-400x400.jpg 400w, https:\/\/gregoryderville.com\/wp-content\/uploads\/2025\/03\/Fabrication-sans-IA.jpg 1200w\" sizes=\"auto, (max-width: 1024px) 100vw, 1024px\" \/><\/figure>\n<\/div>\n\n\n<p class=\"has-text-align-center\">\/\/\/\/\/\/<\/p>\n\n\n\n<p class=\"has-text-color has-link-color wp-elements-dcb8dce68f1a1e8e7cb4a96946777629\" style=\"color:#0022e3\">Ah j&rsquo;oubliais: l&rsquo;int\u00e9gralit\u00e9 de ce site est certifi\u00e9 \u00ab&nbsp;<a href=\"https:\/\/actualitte.com\/article\/120564\/tribunes\/signaler-les-oeuvres-sans-ia-avec-le-label-fabrication-humaine\" data-type=\"link\" data-id=\"https:\/\/actualitte.com\/article\/120564\/tribunes\/signaler-les-oeuvres-sans-ia-avec-le-label-fabrication-humaine\">100% IA free<\/a>&nbsp;\u00bb. Et quand je dis 100%, c&rsquo;est 100%: je cherche des infos \u00e0 droite \u00e0 gauche, je les compile, et j&rsquo;\u00e9cris moi-m\u00eame, de A \u00e0 Z. A l&rsquo;ancienne.<\/p>\n","protected":false},"excerpt":{"rendered":"<p>Avec ce site internet, j&rsquo;ai envie de jouer l&rsquo;un des r\u00f4les que je pr\u00e9f\u00e8re, celui de passeur: j&rsquo;aime \u00eatre curieux, j&rsquo;aime d\u00e9couvrir, j&rsquo;aime m&rsquo;int\u00e9resser \u00e0 des choses diverses dans des&hellip;<a href=\"https:\/\/gregoryderville.com\/index.php\/pourquoi-ai-je-cree-ce-site-internet\/\" class=\"more-link\"><span class=\"more-button\">Continue reading<span class=\"screen-reader-text\">Pourquoi ai-je cr\u00e9\u00e9 ce site internet?<\/span><\/span><\/a><\/p>\n","protected":false},"author":1,"featured_media":0,"parent":0,"menu_order":0,"comment_status":"closed","ping_status":"closed","template":"","meta":{"footnotes":""},"class_list":["post-6695","page","type-page","status-publish","hentry"],"_links":{"self":[{"href":"https:\/\/gregoryderville.com\/index.php\/wp-json\/wp\/v2\/pages\/6695","targetHints":{"allow":["GET"]}}],"collection":[{"href":"https:\/\/gregoryderville.com\/index.php\/wp-json\/wp\/v2\/pages"}],"about":[{"href":"https:\/\/gregoryderville.com\/index.php\/wp-json\/wp\/v2\/types\/page"}],"author":[{"embeddable":true,"href":"https:\/\/gregoryderville.com\/index.php\/wp-json\/wp\/v2\/users\/1"}],"replies":[{"embeddable":true,"href":"https:\/\/gregoryderville.com\/index.php\/wp-json\/wp\/v2\/comments?post=6695"}],"version-history":[{"count":73,"href":"https:\/\/gregoryderville.com\/index.php\/wp-json\/wp\/v2\/pages\/6695\/revisions"}],"predecessor-version":[{"id":10862,"href":"https:\/\/gregoryderville.com\/index.php\/wp-json\/wp\/v2\/pages\/6695\/revisions\/10862"}],"wp:attachment":[{"href":"https:\/\/gregoryderville.com\/index.php\/wp-json\/wp\/v2\/media?parent=6695"}],"curies":[{"name":"wp","href":"https:\/\/api.w.org\/{rel}","templated":true}]}}